{"id":1185,"date":"2022-07-07T04:36:44","date_gmt":"2022-07-07T04:36:44","guid":{"rendered":"https:\/\/demo.ovatheme.com\/tripgo\/?page_id=1185"},"modified":"2023-10-29T11:51:30","modified_gmt":"2023-10-29T11:51:30","slug":"about-us","status":"publish","type":"page","link":"https:\/\/morningtravelegypt.com\/fr\/about-us\/","title":{"rendered":"\u00c0 propos de nous"},"content":{"rendered":"<div data-elementor-type=\"wp-page\" data-elementor-id=\"1185\" class=\"elementor elementor-1185\" data-elementor-post-type=\"page\">\n\t\t\t\t\t\t<section class=\"elementor-section elementor-top-section elementor-element elementor-element-b7df894 elementor-section-boxed elementor-section-height-default elementor-section-height-default\" data-id=\"b7df894\" data-element_type=\"section\" data-e-type=\"section\" data-settings=\"{&quot;background_background&quot;:&quot;classic&quot;}\">\n\t\t\t\t\t\t<div class=\"elementor-container elementor-column-gap-no\">\n\t\t\t\t\t<div class=\"elementor-column elementor-col-50 elementor-top-column elementor-element elementor-element-e8ca6c7 elementor-invisible\" data-id=\"e8ca6c7\" data-element_type=\"column\" data-e-type=\"column\" data-settings=\"{&quot;animation&quot;:&quot;ova-move-right&quot;,&quot;animation_tablet&quot;:&quot;none&quot;}\">\n\t\t\t<div class=\"elementor-widget-wrap elementor-element-populated\">\n\t\t\t\t\t\t<div class=\"elementor-element elementor-element-4ed1a3a elementor-widget elementor-widget-tripgo_elementor_heading\" data-id=\"4ed1a3a\" data-element_type=\"widget\" data-e-type=\"widget\" data-widget_type=\"tripgo_elementor_heading.default\">\n\t\t\t\t<div class=\"elementor-widget-container\">\n\t\t\t\t\t\t\t<div class=\"ova-title\">\n\n\t\t\t\t\t\t\t<h3 class=\"sub-title\">\u00c0 propos de nous<\/h3>\n\t\t\t\n\t\t\t\t\t\t\t\n\t\t\t\t\t<h2 class=\"title\">Nous sommes des organisateurs professionnels de vos vacances<\/h2>\n\t\t\t\t\t\t\t\n\t\t\t\n\t\t<\/div> \n\t\t \t\n\t\t\t\t\t\t<\/div>\n\t\t\t\t<\/div>\n\t\t\t\t<section class=\"elementor-section elementor-inner-section elementor-element elementor-element-651c821 elementor-section-boxed elementor-section-height-default elementor-section-height-default\" data-id=\"651c821\" data-element_type=\"section\" data-e-type=\"section\">\n\t\t\t\t\t\t<div class=\"elementor-container elementor-column-gap-no\">\n\t\t\t\t\t<div class=\"elementor-column elementor-col-100 elementor-inner-column elementor-element elementor-element-88cd609\" data-id=\"88cd609\" data-element_type=\"column\" data-e-type=\"column\">\n\t\t\t<div class=\"elementor-widget-wrap elementor-element-populated\">\n\t\t\t\t\t\t<div class=\"elementor-element elementor-element-51bc3ea elementor-widget elementor-widget-text-editor\" data-id=\"51bc3ea\" data-element_type=\"widget\" data-e-type=\"widget\" data-widget_type=\"text-editor.default\">\n\t\t\t\t<div class=\"elementor-widget-container\">\n\t\t\t\t\t\t\t\t\t<p><strong>Morning Travel Egypt, votre porte d'entr\u00e9e en \u00c9gypte<\/strong><\/p><div class=\"about_\"><p>\u00ab Morning Travel Egypt \u00bb est une agence de tourisme \u00e9gyptienne agr\u00e9\u00e9e par le minist\u00e8re \u00e9gyptien du Tourisme sous le num\u00e9ro de licence 996. Notre agence est sp\u00e9cialis\u00e9e dans la r\u00e9servation d'h\u00f4tels, les circuits touristiques et les circuits sur mesure. Nous proposons des forfaits de croisi\u00e8res sur le Nil, des excursions \u00e0 Louxor et Assouan, des croisi\u00e8res sur le lac Nasser, des circuits spirituels, des transferts, des excursions \u00e0 terre, des safaris, des sorties en voilier avec Flucca, des sorties de plong\u00e9e et l'organisation de tous les services terrestres dans toute l'\u00c9gypte.<\/p><p><span style=\"color: #f3792e;\"><strong>Morning Travel \u00c9gypte<\/strong><\/span><\/p><p>Pr\u00e9sents dans le secteur du tourisme depuis 1994, nous sommes pr\u00e9sents dans ce secteur depuis 2000 \u2013 \u00ab<strong>Morning Travel \u00c9gypte<\/strong>\u00ab Notre devise : travailler dans un esprit de convivialit\u00e9, d\u2019honn\u00eatet\u00e9 et d\u2019hospitalit\u00e9, ce qui refl\u00e8te notre engagement \u00e0 offrir \u00e0 nos clients une exp\u00e9rience unique et inoubliable. Et c\u2019est ce que nous faisons depuis toujours. Si vous recherchez un circuit sur mesure, parfaitement adapt\u00e9 \u00e0 vos envies, vous avez trouv\u00e9 la bonne agence. \u00bb<\/p><p>Envoyez-nous une demande et nous serons ravis de vous aider ! Ou si c'est votre premier voyage en \u00c9gypte et que vous souhaitez un circuit con\u00e7u par des experts pour profiter au maximum de votre s\u00e9jour, sans avoir \u00e0 vous soucier de l'organisation, jetez un \u0153il \u00e0 certains de nos itin\u00e9raires les plus populaires et disponibles !<br \/>N'h\u00e9sitez pas \u00e0 consulter nos pages pour en savoir plus sur nos services et d\u00e9couvrir quelques-uns des sites exceptionnels que vous pourrez admirer lors de nos circuits !<\/p><\/div>\t\t\t\t\t\t\t\t<\/div>\n\t\t\t\t<\/div>\n\t\t\t\t\t<\/div>\n\t\t<\/div>\n\t\t\t\t\t<\/div>\n\t\t<\/section>\n\t\t\t\t<div class=\"elementor-element elementor-element-6677e38 elementor-align-left elementor-widget-mobile__width-auto elementor-widget elementor-widget-button\" data-id=\"6677e38\" data-element_type=\"widget\" data-e-type=\"widget\" data-widget_type=\"button.default\">\n\t\t\t\t<div class=\"elementor-widget-container\">\n\t\t\t\t\t\t\t\t\t<div class=\"elementor-button-wrapper\">\n\t\t\t\t\t<a class=\"elementor-button elementor-button-link elementor-size-sm\" href=\"https:\/\/morningtravelegypt.com\/fr\/contact\/\">\n\t\t\t\t\t\t<span class=\"elementor-button-content-wrapper\">\n\t\t\t\t\t\t\t\t\t<span class=\"elementor-button-text\">contactez-nous<\/span>\n\t\t\t\t\t<\/span>\n\t\t\t\t\t<\/a>\n\t\t\t\t<\/div>\n\t\t\t\t\t\t\t\t<\/div>\n\t\t\t\t<\/div>\n\t\t\t\t\t<\/div>\n\t\t<\/div>\n\t\t\t\t<div class=\"elementor-column elementor-col-50 elementor-top-column elementor-element elementor-element-f012ac5\" data-id=\"f012ac5\" data-element_type=\"column\" data-e-type=\"column\">\n\t\t\t<div class=\"elementor-widget-wrap elementor-element-populated\">\n\t\t\t\t\t\t<div class=\"elementor-element elementor-element-14cfd98 elementor-widget__width-initial elementor-absolute animated-fast elementor-widget-mobile__width-initial elementor-invisible elementor-widget elementor-widget-tripgo_elementor_counter\" data-id=\"14cfd98\" data-element_type=\"widget\" data-e-type=\"widget\" data-settings=\"{&quot;_position&quot;:&quot;absolute&quot;,&quot;_animation&quot;:&quot;ova-scale-up&quot;,&quot;_animation_tablet&quot;:&quot;none&quot;}\" data-widget_type=\"tripgo_elementor_counter.default\">\n\t\t\t\t<div class=\"elementor-widget-container\">\n\t\t\t\t\t           \n           <div class=\"ova-counter\" data-count=\"1\">\n                \n\t            \t            \t<div class=\"icon-wrapper\">\n\t            \t\t<div class=\"icon\">\n\t\t\t\t\t\t\t<i class=\"icomoon icomoon-flig\"><\/i>\n\t\t\t\t\t\t<\/div>\n\t            \t<\/div>\n\t\t\t\t\t            \n                <div class=\"odometer-wrapper\">\n\t\t\t\t\t<span class=\"odometer\">0<\/span>\n\t\t\t\t\t<span class=\"suffix\">\n\t\t\t\t\t\t\t\t\t        <\/span>\n\t\t\t    <\/div>\n\t\t\t\t\n\t      \t     \t\t\t\t\t<h4 class=\"title\">\n\t\t\t\t\t\tNous sommes num\u00e9ro 1 dans notre domaine\t\t\t\t\t<\/h4>\n\t\t\t\t\n           <\/div>\n\t\t \t\n\t\t\t\t\t\t<\/div>\n\t\t\t\t<\/div>\n\t\t\t\t<div class=\"elementor-element elementor-element-2ef6c1f elementor-invisible elementor-widget elementor-widget-image\" data-id=\"2ef6c1f\" data-element_type=\"widget\" data-e-type=\"widget\" data-settings=\"{&quot;_animation&quot;:&quot;ova-move-up&quot;,&quot;_animation_tablet&quot;:&quot;none&quot;}\" data-widget_type=\"image.default\">\n\t\t\t\t<div class=\"elementor-widget-container\">\n\t\t\t\t\t\t\t\t\t\t\t\t\t\t\t<img fetchpriority=\"high\" decoding=\"async\" width=\"683\" height=\"1024\" src=\"https:\/\/morningtravelegypt.com\/wp-content\/uploads\/2023\/09\/2-683x1024.jpg\" class=\"attachment-large size-large wp-image-8350\" alt=\"\" srcset=\"https:\/\/morningtravelegypt.com\/wp-content\/uploads\/2023\/09\/2-683x1024.jpg 683w, https:\/\/morningtravelegypt.com\/wp-content\/uploads\/2023\/09\/2-200x300.jpg 200w, https:\/\/morningtravelegypt.com\/wp-content\/uploads\/2023\/09\/2-768x1152.jpg 768w, https:\/\/morningtravelegypt.com\/wp-content\/uploads\/2023\/09\/2-1024x1536.jpg 1024w, https:\/\/morningtravelegypt.com\/wp-content\/uploads\/2023\/09\/2-1366x2048.jpg 1366w, https:\/\/morningtravelegypt.com\/wp-content\/uploads\/2023\/09\/2-600x900.jpg 600w, https:\/\/morningtravelegypt.com\/wp-content\/uploads\/2023\/09\/2.jpg 1707w\" sizes=\"(max-width: 683px) 100vw, 683px\" \/>\t\t\t\t\t\t\t\t\t\t\t\t\t\t\t<\/div>\n\t\t\t\t<\/div>\n\t\t\t\t\t<\/div>\n\t\t<\/div>\n\t\t\t\t\t<\/div>\n\t\t<\/section>\n\t\t\t\t<section class=\"elementor-section elementor-top-section elementor-element elementor-element-13dffcb elementor-section-boxed elementor-section-height-default elementor-section-height-default\" data-id=\"13dffcb\" data-element_type=\"section\" data-e-type=\"section\" data-settings=\"{&quot;background_background&quot;:&quot;classic&quot;}\">\n\t\t\t\t\t\t<div class=\"elementor-container elementor-column-gap-default\">\n\t\t\t\t\t<div class=\"elementor-column elementor-col-50 elementor-top-column elementor-element elementor-element-b687060\" data-id=\"b687060\" data-element_type=\"column\" data-e-type=\"column\">\n\t\t\t<div class=\"elementor-widget-wrap elementor-element-populated\">\n\t\t\t\t\t\t<div class=\"elementor-element elementor-element-184ffce animated-fast elementor-invisible elementor-widget elementor-widget-heading\" data-id=\"184ffce\" data-element_type=\"widget\" data-e-type=\"widget\" data-settings=\"{&quot;_animation&quot;:&quot;fadeInDown&quot;}\" data-widget_type=\"heading.default\">\n\t\t\t\t<div class=\"elementor-widget-container\">\n\t\t\t\t\t<h2 class=\"elementor-heading-title elementor-size-default\">Morning Travel \u00c9gypte<\/h2>\t\t\t\t<\/div>\n\t\t\t\t<\/div>\n\t\t\t\t<div class=\"elementor-element elementor-element-0ef9535 elementor-widget elementor-widget-text-editor\" data-id=\"0ef9535\" data-element_type=\"widget\" data-e-type=\"widget\" data-widget_type=\"text-editor.default\">\n\t\t\t\t<div class=\"elementor-widget-container\">\n\t\t\t\t\t\t\t\t\t<p><strong>\u00a0<\/strong>est sans aucun doute un prestataire de voyages en ligne qui s'engage \u00e0 vous offrir la meilleure exp\u00e9rience possible pour tous vos besoins en mati\u00e8re de voyages. Marsa Aalm Tours s'efforce de devenir la r\u00e9f\u00e9rence absolue en mati\u00e8re de voyages en ligne, en proposant le plus grand choix et les meilleurs prix.<\/p><p>Nous vous garantissons que vous appr\u00e9cierez nos services haut de gamme de A \u00e0 Z. Nous sommes \u00e9galement une agence r\u00e9ceptive r\u00e9put\u00e9e qui accompagne ses partenaires internationaux en leur offrant la meilleure qualit\u00e9 en mati\u00e8re de service, de tarifs et de disponibilit\u00e9.<br \/>Nos partenaires appr\u00e9cient notre efficacit\u00e9 et notre r\u00e9activit\u00e9 dans le service que nous offrons \u00e0 nos clients, ainsi que nos r\u00e9ponses imm\u00e9diates en cas de situation critique.<\/p>\t\t\t\t\t\t\t\t<\/div>\n\t\t\t\t<\/div>\n\t\t\t\t\t<\/div>\n\t\t<\/div>\n\t\t\t\t<div class=\"elementor-column elementor-col-50 elementor-top-column elementor-element elementor-element-9f1b0bd\" data-id=\"9f1b0bd\" data-element_type=\"column\" data-e-type=\"column\">\n\t\t\t<div class=\"elementor-widget-wrap elementor-element-populated\">\n\t\t\t\t\t\t<div class=\"elementor-element elementor-element-60c233b animated-fast elementor-invisible elementor-widget elementor-widget-image\" data-id=\"60c233b\" data-element_type=\"widget\" data-e-type=\"widget\" data-settings=\"{&quot;_animation&quot;:&quot;fadeInDown&quot;}\" data-widget_type=\"image.default\">\n\t\t\t\t<div class=\"elementor-widget-container\">\n\t\t\t\t\t\t\t\t\t\t\t\t\t\t\t<img decoding=\"async\" width=\"800\" height=\"521\" src=\"https:\/\/morningtravelegypt.com\/wp-content\/uploads\/2023\/09\/44-1-1024x667.jpg\" class=\"attachment-large size-large wp-image-8361\" alt=\"\" srcset=\"https:\/\/morningtravelegypt.com\/wp-content\/uploads\/2023\/09\/44-1-1024x667.jpg 1024w, https:\/\/morningtravelegypt.com\/wp-content\/uploads\/2023\/09\/44-1-300x195.jpg 300w, https:\/\/morningtravelegypt.com\/wp-content\/uploads\/2023\/09\/44-1-768x500.jpg 768w, https:\/\/morningtravelegypt.com\/wp-content\/uploads\/2023\/09\/44-1-1536x1000.jpg 1536w, https:\/\/morningtravelegypt.com\/wp-content\/uploads\/2023\/09\/44-1-2048x1334.jpg 2048w, https:\/\/morningtravelegypt.com\/wp-content\/uploads\/2023\/09\/44-1-600x391.jpg 600w\" sizes=\"(max-width: 800px) 100vw, 800px\" \/>\t\t\t\t\t\t\t\t\t\t\t\t\t\t\t<\/div>\n\t\t\t\t<\/div>\n\t\t\t\t\t<\/div>\n\t\t<\/div>\n\t\t\t\t\t<\/div>\n\t\t<\/section>\n\t\t\t\t<section class=\"elementor-section elementor-top-section elementor-element elementor-element-3ae3936 elementor-section-boxed elementor-section-height-default elementor-section-height-default\" data-id=\"3ae3936\" data-element_type=\"section\" data-e-type=\"section\">\n\t\t\t\t\t\t<div class=\"elementor-container elementor-column-gap-default\">\n\t\t\t\t\t<div class=\"elementor-column elementor-col-100 elementor-top-column elementor-element elementor-element-5bece7f\" data-id=\"5bece7f\" data-element_type=\"column\" data-e-type=\"column\">\n\t\t\t<div class=\"elementor-widget-wrap elementor-element-populated\">\n\t\t\t\t\t\t<div class=\"elementor-element elementor-element-e0c7553 elementor-widget elementor-widget-spacer\" data-id=\"e0c7553\" data-element_type=\"widget\" data-e-type=\"widget\" data-widget_type=\"spacer.default\">\n\t\t\t\t<div class=\"elementor-widget-container\">\n\t\t\t\t\t\t\t<div class=\"elementor-spacer\">\n\t\t\t<div class=\"elementor-spacer-inner\"><\/div>\n\t\t<\/div>\n\t\t\t\t\t\t<\/div>\n\t\t\t\t<\/div>\n\t\t\t\t\t<\/div>\n\t\t<\/div>\n\t\t\t\t\t<\/div>\n\t\t<\/section>\n\t\t\t\t<\/div>","protected":false},"excerpt":{"rendered":"<p>About Us We are Professional Planners For your Vacations Morning Travel Egypt , Your Gate to Egypt \u201cMorning Travel Egypt\u201d An Egyptian tourism company licensed by the Egyptian Ministry of Tourism with\u00a0license No. 996\u00a0 company specializes in Hotel Booking, tours, customized tours, we do Nile cruises packages,\u00a0Luxor\u00a0and Aswan Excursions, Naser lake cruises, Spiritual tours, transfers, [&hellip;]<\/p>\n","protected":false},"author":1,"featured_media":0,"parent":0,"menu_order":0,"comment_status":"closed","ping_status":"closed","template":"elementor_header_footer","meta":{"_joinchat":[],"footnotes":""},"class_list":["post-1185","page","type-page","status-publish","hentry"],"_links":{"self":[{"href":"https:\/\/morningtravelegypt.com\/fr\/wp-json\/wp\/v2\/pages\/1185","targetHints":{"allow":["GET"]}}],"collection":[{"href":"https:\/\/morningtravelegypt.com\/fr\/wp-json\/wp\/v2\/pages"}],"about":[{"href":"https:\/\/morningtravelegypt.com\/fr\/wp-json\/wp\/v2\/types\/page"}],"author":[{"embeddable":true,"href":"https:\/\/morningtravelegypt.com\/fr\/wp-json\/wp\/v2\/users\/1"}],"replies":[{"embeddable":true,"href":"https:\/\/morningtravelegypt.com\/fr\/wp-json\/wp\/v2\/comments?post=1185"}],"version-history":[{"count":65,"href":"https:\/\/morningtravelegypt.com\/fr\/wp-json\/wp\/v2\/pages\/1185\/revisions"}],"predecessor-version":[{"id":8877,"href":"https:\/\/morningtravelegypt.com\/fr\/wp-json\/wp\/v2\/pages\/1185\/revisions\/8877"}],"wp:attachment":[{"href":"https:\/\/morningtravelegypt.com\/fr\/wp-json\/wp\/v2\/media?parent=1185"}],"curies":[{"name":"wp","href":"https:\/\/api.w.org\/{rel}","templated":true}]}}