{"id":8423,"date":"2023-09-26T03:38:31","date_gmt":"2023-09-26T03:38:31","guid":{"rendered":"https:\/\/morningtravelegypt.com\/new\/?post_type=product&#038;p=8423"},"modified":"2026-05-04T23:29:57","modified_gmt":"2026-05-04T23:29:57","slug":"hurghada-parasailing-excursions","status":"publish","type":"product","link":"https:\/\/morningtravelegypt.com\/fr\/product\/hurghada-parasailing-excursions\/","title":{"rendered":"Excursions en parachute ascensionnel \u00e0 Hurghada"},"content":{"rendered":"<h2 data-path-to-node=\"0\"><b data-path-to-node=\"0\" data-index-in-node=\"0\">Aventure en parachute ascensionnel \u00e0 Hurghada : envolez-vous au-dessus de la mer Rouge<\/b><\/h2>\n<p id=\"p-rc_a32f84fd21c3ef07-350\" data-path-to-node=\"1\">Vivez une mont\u00e9e d'adr\u00e9naline intense et d\u00e9couvrez les plus beaux panoramas d'\u00c9gypte gr\u00e2ce \u00e0 une <b data-path-to-node=\"1\" data-index-in-node=\"88\">sortie de parachute ascensionnel \u00e0 Hurghada.<\/b>. <span class=\"citation-547\">En planant au-dessus des eaux turquoise de la <\/span><b data-path-to-node=\"1\" data-index-in-node=\"163\"><span class=\"citation-547\">Mer Rouge<\/span><\/b><span class=\"citation-547 citation-end-547\">vous profiterez d'une vue imprenable sur le magnifique littoral, les r\u00e9cifs coralliens aux couleurs chatoyantes et les montagnes escarp\u00e9es du d\u00e9sert oriental.<\/span> Cette activit\u00e9 \u00e0 la fois s\u00e9curis\u00e9e et exaltante est un incontournable pour les amateurs d'aventure, les familles et les couples \u00e0 la recherche d'une fa\u00e7on unique de d\u00e9couvrir la beaut\u00e9 d'Hurghada depuis les airs.<\/p>\n<hr data-path-to-node=\"2\" \/>\n<h3 data-path-to-node=\"3\"><b data-path-to-node=\"3\" data-index-in-node=\"0\">Les points forts de l'exp\u00e9rience<\/b><\/h3>\n<ul data-path-to-node=\"4\">\n<li>\n<p id=\"p-rc_a32f84fd21c3ef07-351\" data-path-to-node=\"4,0,0\"><b data-path-to-node=\"4,0,0\" data-index-in-node=\"0\">Des vues a\u00e9riennes incroyables :<\/b><span class=\"citation-546\"> Envolez-vous \u00e0 une altitude de <\/span><b data-path-to-node=\"4,0,0\" data-index-in-node=\"44\"><span class=\"citation-546 citation-end-546\">45 \u00e0 60 m\u00e8tres<\/span> <span class=\"citation-545\">60 meters)<\/span><\/b><span class=\"citation-545 citation-end-545\"> pour profiter d\u2019une vue panoramique sur les c\u00e9l\u00e8bres lagons cristallins de la mer Rouge et la ville anim\u00e9e d\u2019Hurghada.<\/span><\/p>\n<\/li>\n<li>\n<p id=\"p-rc_a32f84fd21c3ef07-352\" data-path-to-node=\"4,1,0\"><b data-path-to-node=\"4,1,0\" data-index-in-node=\"0\"><span class=\"citation-544\">Vols en solo, en tandem ou en trio :<\/span><\/b><span class=\"citation-544 citation-end-544\"> Personnalisez votre vol en fonction de votre groupe.<\/span> <span class=\"citation-543\">Optez pour un <\/span><b data-path-to-node=\"4,1,0\" data-index-in-node=\"83\"><span class=\"citation-543\">vol en solo\n\n\n\n.<\/span><\/b><span class=\"citation-543\"> pour une libert\u00e9 totale, ou partagez cette exp\u00e9rience magique avec vos amis ou votre famille gr\u00e2ce aux <\/span><b data-path-to-node=\"4,1,0\" data-index-in-node=\"163\"><span class=\"citation-543\">options de vol en tandem (2 personnes)<\/span><\/b><span class=\"citation-543\"> ou <\/span><b data-path-to-node=\"4,1,0\" data-index-in-node=\"185\"><span class=\"citation-543\">en trio (3 personnes)<\/span><\/b><span class=\"citation-543 citation-end-543\"> .<\/span><\/p>\n<\/li>\n<li>\n<p id=\"p-rc_a32f84fd21c3ef07-353\" data-path-to-node=\"4,2,0\"><b data-path-to-node=\"4,2,0\" data-index-in-node=\"0\">D\u00e9collage et atterrissage au sec :<\/b><span class=\"citation-542 citation-end-542\"> Nos bateaux \u00e0 moteur modernes sont \u00e9quip\u00e9s de plates-formes de lancement sp\u00e9cialis\u00e9es, vous permettant de d\u00e9coller en douceur et d'atterrir directement sur le pont du bateau sans jamais vous mouiller.<\/span><\/p>\n<\/li>\n<li>\n<p id=\"p-rc_a32f84fd21c3ef07-354\" data-path-to-node=\"4,3,0\"><b data-path-to-node=\"4,3,0\" data-index-in-node=\"0\">S\u00fbr et facile :<\/b><span class=\"citation-541 citation-end-541\"> Aucune formation pr\u00e9alable ni aucune comp\u00e9tence en natation n'est requise.<\/span> <span class=\"citation-540 citation-end-540\">Notre \u00e9quipage professionnel et certifi\u00e9 s'occupe de tout le mat\u00e9riel et vous fournit un briefing complet sur la s\u00e9curit\u00e9 avant votre envol.<\/span><\/p>\n<\/li>\n<\/ul>\n<h3 data-path-to-node=\"5\"><b data-path-to-node=\"5\" data-index-in-node=\"0\">Itin\u00e9raire et logistique<\/b><\/h3>\n<ul data-path-to-node=\"6\">\n<li>\n<p id=\"p-rc_a32f84fd21c3ef07-355\" data-path-to-node=\"6,0,0\"><b data-path-to-node=\"6,0,0\" data-index-in-node=\"0\"><span class=\"citation-539\">Dur\u00e9e :<\/span><\/b><span class=\"citation-539\"> Excursion d'une heure au total, dont <\/span><b data-path-to-node=\"6,0,0\" data-index-in-node=\"55\"><span class=\"citation-539\">10 \u00e0 15 minutes<\/span><\/b><span class=\"citation-539 citation-end-539\"> de vol.<\/span><\/p>\n<\/li>\n<li>\n<p data-path-to-node=\"6,1,0\"><b data-path-to-node=\"6,1,0\" data-index-in-node=\"0\">Horaires :<\/b> D\u00e9part l'apr\u00e8s-midi (entre 15 h 30 et 16 h 30 environ), pour profiter de la meilleure lumi\u00e8re pour la photographie et d'une brise marine plus fra\u00eeche.<\/p>\n<\/li>\n<li>\n<p id=\"p-rc_a32f84fd21c3ef07-356\" data-path-to-node=\"6,2,0\"><b data-path-to-node=\"6,2,0\" data-index-in-node=\"0\">Le parcours :<\/b><span class=\"citation-538 citation-end-538\"> Profitez d'une courte balade en bateau panoramique depuis la marina jusqu'\u00e0 la zone de d\u00e9collage d\u00e9sign\u00e9e en pleine mer.<\/span><\/p>\n<\/li>\n<\/ul>\n<h3 data-path-to-node=\"7\"><b data-path-to-node=\"7\" data-index-in-node=\"0\">Inclus dans le voyage<\/b><\/h3>\n<ul data-path-to-node=\"8\">\n<li>\n<p id=\"p-rc_a32f84fd21c3ef07-357\" data-path-to-node=\"8,0,0\"><b data-path-to-node=\"8,0,0\" data-index-in-node=\"0\"><span class=\"citation-537\">Transferts depuis l'h\u00f4tel:<\/span><\/b><span class=\"citation-537 citation-end-537\"> Transferts aller-retour en v\u00e9hicule climatis\u00e9 depuis votre h\u00f4tel \u00e0 Hurghada.<\/span><\/p>\n<\/li>\n<li>\n<p id=\"p-rc_a32f84fd21c3ef07-358\" data-path-to-node=\"8,1,0\"><b data-path-to-node=\"8,1,0\" data-index-in-node=\"0\">\u00c9quipement de s\u00e9curit\u00e9 :<\/b><span class=\"citation-536 citation-end-536\"> Utilisation d'un harnais de qualit\u00e9 professionnelle et d'un gilet de sauvetage \u00e0 forte flottabilit\u00e9.<\/span><\/p>\n<\/li>\n<li>\n<p id=\"p-rc_a32f84fd21c3ef07-359\" data-path-to-node=\"8,2,0\"><b data-path-to-node=\"8,2,0\" data-index-in-node=\"0\">\u00c9quipage exp\u00e9riment\u00e9 :<\/b><span class=\"citation-535 citation-end-535\"> Accompagnement par un capitaine et un \u00e9quipage exp\u00e9riment\u00e9s, form\u00e9s aux normes de s\u00e9curit\u00e9 internationales.<\/span><\/p>\n<\/li>\n<li>\n<p data-path-to-node=\"8,3,0\"><b data-path-to-node=\"8,3,0\" data-index-in-node=\"0\">Speedboat Access:<\/b> All fees for the specialized parasailing boat and flight.<\/p>\n<\/li>\n<\/ul>\n<h3 data-path-to-node=\"9\"><b data-path-to-node=\"9\" data-index-in-node=\"0\">Non inclus<\/b><\/h3>\n<ul data-path-to-node=\"10\">\n<li>\n<p id=\"p-rc_a32f84fd21c3ef07-360\" data-path-to-node=\"10,0,0\"><b data-path-to-node=\"10,0,0\" data-index-in-node=\"0\"><span class=\"citation-534\">Photos et vid\u00e9os :<\/span><\/b><span class=\"citation-534 citation-end-534\"> Fichiers multim\u00e9dias num\u00e9riques de haute qualit\u00e9 de votre vol (disponibles moyennant un suppl\u00e9ment).<\/span><\/p>\n<\/li>\n<li>\n<p id=\"p-rc_a32f84fd21c3ef07-361\" data-path-to-node=\"10,1,0\"><span class=\"citation-533 citation-end-533\">D\u00e9penses personnelles et pourboires.<\/span><\/p>\n<\/li>\n<li>\n<p id=\"p-rc_a32f84fd21c3ef07-362\" data-path-to-node=\"10,2,0\"><span class=\"citation-532 citation-end-532\">Suppl\u00e9ments de transfert pour les complexes h\u00f4teliers situ\u00e9s en p\u00e9riph\u00e9rie (El Gouna, Makadi Bay, Sahl Hasheesh ou Soma Bay).<\/span><\/p>\n<\/li>\n<li>\n<p data-path-to-node=\"10,3,0\">Boissons et collations.<\/p>\n<\/li>\n<\/ul>","protected":false},"excerpt":{"rendered":"<p>Parasailing Adventure Hurghada: Soar Above the Red Sea Experience the ultimate adrenaline rush and the most breathtaking views in Egypt with a Hurghada parasailing tour. Floating high above the turquoise waters of the Red Sea, you will enjoy a bird\u2019s-eye perspective of the stunning coastline, vibrant coral reefs, and the rugged mountains of the Eastern [&hellip;]<\/p>\n","protected":false},"featured_media":8433,"comment_status":"open","ping_status":"closed","template":"","meta":{"_joinchat":[]},"product_brand":[],"product_cat":[41],"product_tag":[],"class_list":{"0":"post-8423","1":"product","2":"type-product","3":"status-publish","4":"has-post-thumbnail","6":"product_cat-sky-city","8":"first","9":"instock","10":"shipping-taxable","11":"purchasable","12":"product-type-ovabrw_car_rental"},"_links":{"self":[{"href":"https:\/\/morningtravelegypt.com\/fr\/wp-json\/wp\/v2\/product\/8423","targetHints":{"allow":["GET"]}}],"collection":[{"href":"https:\/\/morningtravelegypt.com\/fr\/wp-json\/wp\/v2\/product"}],"about":[{"href":"https:\/\/morningtravelegypt.com\/fr\/wp-json\/wp\/v2\/types\/product"}],"replies":[{"embeddable":true,"href":"https:\/\/morningtravelegypt.com\/fr\/wp-json\/wp\/v2\/comments?post=8423"}],"wp:featuredmedia":[{"embeddable":true,"href":"https:\/\/morningtravelegypt.com\/fr\/wp-json\/wp\/v2\/media\/8433"}],"wp:attachment":[{"href":"https:\/\/morningtravelegypt.com\/fr\/wp-json\/wp\/v2\/media?parent=8423"}],"wp:term":[{"taxonomy":"product_brand","embeddable":true,"href":"https:\/\/morningtravelegypt.com\/fr\/wp-json\/wp\/v2\/product_brand?post=8423"},{"taxonomy":"product_cat","embeddable":true,"href":"https:\/\/morningtravelegypt.com\/fr\/wp-json\/wp\/v2\/product_cat?post=8423"},{"taxonomy":"product_tag","embeddable":true,"href":"https:\/\/morningtravelegypt.com\/fr\/wp-json\/wp\/v2\/product_tag?post=8423"}],"curies":[{"name":"wp","href":"https:\/\/api.w.org\/{rel}","templated":true}]}}