{"id":8435,"date":"2023-09-26T03:40:03","date_gmt":"2023-09-26T03:40:03","guid":{"rendered":"https:\/\/morningtravelegypt.com\/new\/?post_type=product&#038;p=8435"},"modified":"2026-05-04T23:29:25","modified_gmt":"2026-05-04T23:29:25","slug":"the-speed-boat","status":"publish","type":"product","link":"https:\/\/morningtravelegypt.com\/fr\/product\/the-speed-boat\/","title":{"rendered":"Bateau \u00e0 moteur"},"content":{"rendered":"<h2 data-path-to-node=\"0\"><b data-path-to-node=\"0\" data-index-in-node=\"0\">Excursion priv\u00e9e en hors-bord \u00e0 Hurghada : dauphins, \u00eeles et plong\u00e9e avec tuba<\/b><\/h2>\n<p id=\"p-rc_402639d8eeafdf0d-321\" data-path-to-node=\"1\"><span class=\"citation-505\">Vivez l'\u00e9motion de la <\/span><b data-path-to-node=\"1\" data-index-in-node=\"29\"><span class=\"citation-505\">Mer Rouge<\/span><\/b><span class=\"citation-505\"> gr\u00e2ce \u00e0 une <\/span><b data-path-to-node=\"1\" data-index-in-node=\"55\"><span class=\"citation-505\">excursion exclusive en hors-bord.<\/span><\/b><span class=\"citation-505 citation-end-505\">.<\/span> <span class=\"citation-504 citation-end-504\">Con\u00e7ue pour ceux qui appr\u00e9cient la vitesse, l\u2019intimit\u00e9 et la flexibilit\u00e9, cette excursion vous permet d\u2019\u00e9viter la foule des grands navires de croisi\u00e8re et de personnaliser votre parcours. Que vous soyez \u00e0 la recherche de<\/span> dauphins sauvages, de, <b data-path-to-node=\"1\" data-index-in-node=\"269\">dauphins sauvages, de<\/b>,que vous souhaitiez explorer des bancs de sable cach\u00e9s ou faire de la plong\u00e9e libre dans des jardins de corail intacts, nos bateaux \u00e0 grande vitesse vous offrent la meilleure fa\u00e7on \u00ab VIP \u00bb de d\u00e9couvrir <b data-path-to-node=\"1\" data-index-in-node=\"415\">Hurghada depuis la mer.<\/b>.<\/p>\n<hr data-path-to-node=\"2\" \/>\n<h3 data-path-to-node=\"3\"><b data-path-to-node=\"3\" data-index-in-node=\"0\">Les points forts de l'exp\u00e9rience<\/b><\/h3>\n<ul data-path-to-node=\"4\">\n<li>\n<p id=\"p-rc_402639d8eeafdf0d-322\" data-path-to-node=\"4,0,0\"><b data-path-to-node=\"4,0,0\" data-index-in-node=\"0\">Aventure d'observation des dauphins :<\/b><span class=\"citation-503\"> Foncez sur les vagues pour rejoindre la <\/span><b data-path-to-node=\"4,0,0\" data-index-in-node=\"62\"><span class=\"citation-503\">de la Dolphin House<\/span><\/b><span class=\"citation-503 citation-end-503\"> ou les c\u00e9l\u00e8bres lagons o\u00f9 les dauphins sauvages ont l'habitude de s'\u00e9battre.<\/span> <span class=\"citation-502 citation-end-502\">Si les conditions le permettent, vous aurez peut-\u00eatre la chance de nager aux c\u00f4t\u00e9s de ces magnifiques cr\u00e9atures dans leur habitat naturel.<\/span><\/p>\n<\/li>\n<li>\n<p id=\"p-rc_402639d8eeafdf0d-323\" data-path-to-node=\"4,1,0\"><b data-path-to-node=\"4,1,0\" data-index-in-node=\"0\">Circuit d'\u00eeles sur mesure :<\/b><span class=\"citation-501\"> Personnalisez votre voyage pour visiter les plus belles \u00eeles de la mer Rouge, notamment <\/span><b data-path-to-node=\"4,1,0\" data-index-in-node=\"102\"><span class=\"citation-501\">Orange Bay<\/span><\/b><span class=\"citation-501\">, <\/span><b data-path-to-node=\"4,1,0\" data-index-in-node=\"114\"><span class=\"citation-501\">Paradise Island,<\/span><\/b><span class=\"citation-501\">, <\/span><b data-path-to-node=\"4,1,0\" data-index-in-node=\"131\"><span class=\"citation-501\">Eden Island,<\/span><\/b><span class=\"citation-501\">ou la tr\u00e8s isol\u00e9e <\/span><b data-path-to-node=\"4,1,0\" data-index-in-node=\"160\"><span class=\"citation-501\">Abu Minqar<\/span><\/b><span class=\"citation-501 citation-end-501\">.<\/span> (Remarque : les visites des \u00eeles sont disponibles moyennant un petit suppl\u00e9ment de <b data-path-to-node=\"4,1,0\" data-index-in-node=\"233\">10 euros par personne<\/b>).<\/p>\n<\/li>\n<li>\n<p id=\"p-rc_402639d8eeafdf0d-324\" data-path-to-node=\"4,2,0\"><b data-path-to-node=\"4,2,0\" data-index-in-node=\"0\">Snorkeling haut de gamme :<\/b><span class=\"citation-500 citation-end-500\"> D\u00e9couvrez deux des meilleurs sites de snorkeling de la r\u00e9gion.<\/span> Gr\u00e2ce \u00e0 notre hors-bord, nous pouvons atteindre des r\u00e9cifs vierges inaccessibles aux bateaux plus imposants, vous offrant ainsi une vue imprenable sur <b data-path-to-node=\"4,2,0\" data-index-in-node=\"182\">des coraux aux couleurs \u00e9clatantes<\/b> et des poissons exotiques.<\/p>\n<\/li>\n<li>\n<p data-path-to-node=\"4,3,0\"><b data-path-to-node=\"4,3,0\" data-index-in-node=\"0\">Intimit\u00e9 totale :<\/b> Id\u00e9ales pour les couples, les familles ou les petits groupes, nos excursions priv\u00e9es vous garantissent de disposer du bateau entier pour vous seuls, avec un capitaine d\u00e9di\u00e9 \u00e0 votre service.<\/p>\n<\/li>\n<\/ul>\n<h3 data-path-to-node=\"5\"><b data-path-to-node=\"5\" data-index-in-node=\"0\">Itin\u00e9raire et logistique<\/b><\/h3>\n<ul data-path-to-node=\"6\">\n<li>\n<p data-path-to-node=\"6,0,0\"><b data-path-to-node=\"6,0,0\" data-index-in-node=\"0\">Dur\u00e9e :<\/b> Excursion d'une demi-journ\u00e9e (de 9 h \u00e0 13 h environ).<\/p>\n<\/li>\n<li>\n<p data-path-to-node=\"6,1,0\"><b data-path-to-node=\"6,1,0\" data-index-in-node=\"0\">Vitesse et confort :<\/b> Nos bateaux \u00e0 moteur modernes sont \u00e9quip\u00e9s de si\u00e8ges confortables, d'\u00e9quipements de s\u00e9curit\u00e9 et de moteurs puissants pour vous garantir une travers\u00e9e agr\u00e9able et passionnante.<\/p>\n<\/li>\n<li>\n<p data-path-to-node=\"6,2,0\"><b data-path-to-node=\"6,2,0\" data-index-in-node=\"0\">Rythme flexible :<\/b> Contrairement aux excursions en groupe, c'est vous qui d\u00e9cidez combien de temps vous souhaitez rester \u00e0 chaque site de plong\u00e9e avec tuba ou sur chaque \u00eele.<\/p>\n<\/li>\n<\/ul>\n<h3 data-path-to-node=\"7\"><b data-path-to-node=\"7\" data-index-in-node=\"0\">Inclus dans le voyage<\/b><\/h3>\n<ul data-path-to-node=\"8\">\n<li>\n<p id=\"p-rc_402639d8eeafdf0d-325\" data-path-to-node=\"8,0,0\"><b data-path-to-node=\"8,0,0\" data-index-in-node=\"0\"><span class=\"citation-499\">Transferts depuis l'h\u00f4tel:<\/span><\/b><span class=\"citation-499 citation-end-499\"> Transferts aller-retour en v\u00e9hicule climatis\u00e9 depuis votre h\u00f4tel \u00e0 Hurghada.<\/span><\/p>\n<\/li>\n<li>\n<p data-path-to-node=\"8,1,0\"><b data-path-to-node=\"8,1,0\" data-index-in-node=\"0\">Capitaine de la r\u00e9serve :<\/b> Un pilote de hors-bord professionnel et agr\u00e9\u00e9 pour vous guider tout au long de votre voyage.<\/p>\n<\/li>\n<li>\n<p id=\"p-rc_402639d8eeafdf0d-326\" data-path-to-node=\"8,2,0\"><b data-path-to-node=\"8,2,0\" data-index-in-node=\"0\">\u00c9quipement de plong\u00e9e avec tuba :<\/b><span class=\"citation-498 citation-end-498\"> Des masques, des palmes et des gilets de sauvetage de grande qualit\u00e9 sont mis \u00e0 disposition pour tous les \u00e2ges.<\/span><\/p>\n<\/li>\n<li>\n<p id=\"p-rc_402639d8eeafdf0d-327\" data-path-to-node=\"8,3,0\"><b data-path-to-node=\"8,3,0\" data-index-in-node=\"0\"><span class=\"citation-497\">Rafra\u00eechissements :<\/span><\/b><span class=\"citation-497 citation-end-497\"> L'eau min\u00e9rale et les boissons non alcoolis\u00e9es sont comprises \u00e0 bord.<\/span><\/p>\n<\/li>\n<\/ul>\n<h3 data-path-to-node=\"9\"><b data-path-to-node=\"9\" data-index-in-node=\"0\">Non inclus<\/b><\/h3>\n<ul data-path-to-node=\"10\">\n<li>\n<p data-path-to-node=\"10,0,0\"><b data-path-to-node=\"10,0,0\" data-index-in-node=\"0\">Frais d'entr\u00e9e sur l'\u00eele :<\/b> Visite facultative de l'une des plages de l'\u00eele de Giftun (suppl\u00e9ment de <b data-path-to-node=\"10,0,0\" data-index-in-node=\"87\">10 euros par personne<\/b>).<\/p>\n<\/li>\n<li>\n<p data-path-to-node=\"10,1,0\">Services professionnels de photographie ou de vid\u00e9ographie.<\/p>\n<\/li>\n<li>\n<p data-path-to-node=\"10,2,0\">D\u00e9penses personnelles et pourboires.<\/p>\n<\/li>\n<li>\n<p id=\"p-rc_402639d8eeafdf0d-328\" data-path-to-node=\"10,3,0\"><span class=\"citation-496 citation-end-496\">Suppl\u00e9ments de transfert pour les stations baln\u00e9aires \u00e9loign\u00e9es (El Gouna, Makadi Bay ou Soma Bay).<\/span><\/p>\n<\/li>\n<\/ul>","protected":false},"excerpt":{"rendered":"<p>Hurghada Private Speedboat Tour: Dolphins, Islands &amp; Snorkeling Experience the thrill of the Red Sea with an exclusive Private Speedboat Tour. Designed for those who value speed, privacy, and flexibility, this excursion allows you to bypass the crowds of larger cruise ships and customize your journey. Whether you are searching for wild dolphins, exploring hidden [&hellip;]<\/p>\n","protected":false},"featured_media":9771,"comment_status":"open","ping_status":"closed","template":"","meta":{"_joinchat":[]},"product_brand":[],"product_cat":[30],"product_tag":[],"class_list":{"0":"post-8435","1":"product","2":"type-product","3":"status-publish","4":"has-post-thumbnail","6":"product_cat-beach","8":"first","9":"instock","10":"shipping-taxable","11":"purchasable","12":"product-type-ovabrw_car_rental"},"_links":{"self":[{"href":"https:\/\/morningtravelegypt.com\/fr\/wp-json\/wp\/v2\/product\/8435","targetHints":{"allow":["GET"]}}],"collection":[{"href":"https:\/\/morningtravelegypt.com\/fr\/wp-json\/wp\/v2\/product"}],"about":[{"href":"https:\/\/morningtravelegypt.com\/fr\/wp-json\/wp\/v2\/types\/product"}],"replies":[{"embeddable":true,"href":"https:\/\/morningtravelegypt.com\/fr\/wp-json\/wp\/v2\/comments?post=8435"}],"wp:featuredmedia":[{"embeddable":true,"href":"https:\/\/morningtravelegypt.com\/fr\/wp-json\/wp\/v2\/media\/9771"}],"wp:attachment":[{"href":"https:\/\/morningtravelegypt.com\/fr\/wp-json\/wp\/v2\/media?parent=8435"}],"wp:term":[{"taxonomy":"product_brand","embeddable":true,"href":"https:\/\/morningtravelegypt.com\/fr\/wp-json\/wp\/v2\/product_brand?post=8435"},{"taxonomy":"product_cat","embeddable":true,"href":"https:\/\/morningtravelegypt.com\/fr\/wp-json\/wp\/v2\/product_cat?post=8435"},{"taxonomy":"product_tag","embeddable":true,"href":"https:\/\/morningtravelegypt.com\/fr\/wp-json\/wp\/v2\/product_tag?post=8435"}],"curies":[{"name":"wp","href":"https:\/\/api.w.org\/{rel}","templated":true}]}}