{"id":8442,"date":"2023-09-26T03:27:07","date_gmt":"2023-09-26T03:27:07","guid":{"rendered":"https:\/\/morningtravelegypt.com\/new\/?post_type=product&#038;p=8442"},"modified":"2026-05-04T23:31:22","modified_gmt":"2026-05-04T23:31:22","slug":"dolphins-at-sea","status":"publish","type":"product","link":"https:\/\/morningtravelegypt.com\/fr\/product\/dolphins-at-sea\/","title":{"rendered":"Les dauphins en mer"},"content":{"rendered":"<h2 data-path-to-node=\"0\"><b data-path-to-node=\"0\" data-index-in-node=\"0\">Dolphin House Hurghada : Aventure de plong\u00e9e avec tuba parmi les dauphins sauvages<\/b><\/h2>\n<p id=\"p-rc_18e8259c2d904247-480\" data-path-to-node=\"1\"><span class=\"citation-707\">Vivez une rencontre v\u00e9ritablement magique \u00e0 la <\/span><b data-path-to-node=\"1\" data-index-in-node=\"44\"><span class=\"citation-707\">de la Dolphin House<\/span><\/b><span class=\"citation-707\"> (Shaab El Erg), le r\u00e9cif le plus c\u00e9l\u00e8bre de la <\/span><b data-path-to-node=\"1\" data-index-in-node=\"102\"><span class=\"citation-707\">Mer Rouge<\/span><\/b><span class=\"citation-707 citation-end-707\"> pour observer des dauphins sauvages.<\/span> <span class=\"citation-706 citation-end-706\">Cette excursion en bateau d'une journ\u00e9e offre une occasion rare d'observer ces cr\u00e9atures intelligentes dans leur habitat naturel.<\/span> Contrairement \u00e0 un spectacle en bassin, il s'agit d'une exp\u00e9rience authentique en pleine nature o\u00f9 vous pourrez voir <b data-path-to-node=\"1\" data-index-in-node=\"342\">Spinner<\/b> et <b data-path-to-node=\"1\" data-index-in-node=\"354\">des grands dauphins<\/b> nager, jouer et sauter aux c\u00f4t\u00e9s du bateau en pleine mer.<\/p>\n<hr data-path-to-node=\"2\" \/>\n<h3 data-path-to-node=\"3\"><b data-path-to-node=\"3\" data-index-in-node=\"0\">Les points forts de l'exp\u00e9rience<\/b><\/h3>\n<ul data-path-to-node=\"4\">\n<li>\n<p id=\"p-rc_18e8259c2d904247-481\" data-path-to-node=\"4,0,0\"><b data-path-to-node=\"4,0,0\" data-index-in-node=\"0\"><span class=\"citation-705\">Rencontres avec les dauphins sauvages :<\/span><\/b><span class=\"citation-705\"> Venez d\u00e9couvrir la lagune prot\u00e9g\u00e9e <\/span><b data-path-to-node=\"4,0,0\" data-index-in-node=\"45\"><span class=\"citation-705\">de la Dolphin House<\/span><\/b><span class=\"citation-705 citation-end-705\"> lagune, un sanctuaire naturel o\u00f9 l'on aper\u00e7oit fr\u00e9quemment des groupes de dauphins sauvages.<\/span> <span class=\"citation-704 citation-end-704\">Si les conditions le permettent et que les dauphins se montrent coop\u00e9ratifs, vous aurez peut-\u00eatre la chance de nager dans les m\u00eames eaux que ces magnifiques animaux.<\/span><\/p>\n<\/li>\n<li>\n<p id=\"p-rc_18e8259c2d904247-482\" data-path-to-node=\"4,1,0\"><b data-path-to-node=\"4,1,0\" data-index-in-node=\"0\"><span class=\"citation-703\">Sites de plong\u00e9e avec tuba d'une beaut\u00e9 immacul\u00e9e :<\/span><\/b><span class=\"citation-703\"> Outre les dauphins, l'excursion comprend <\/span><b data-path-to-node=\"4,1,0\" data-index-in-node=\"66\"><span class=\"citation-703\">deux ou trois arr\u00eats de plong\u00e9e avec tuba guid\u00e9s<\/span><\/b><span class=\"citation-703 citation-end-703\"> au milieu de r\u00e9cifs coralliens aux couleurs \u00e9clatantes.<\/span> <span class=\"citation-702 citation-end-702\">Explorez des \u00ab jardins sous-marins \u00bb regorgeant d'une faune marine exotique, notamment des poissons-perroquets, des poissons-clowns et des raies.<\/span><\/p>\n<\/li>\n<li>\n<p data-path-to-node=\"4,2,0\"><b data-path-to-node=\"4,2,0\" data-index-in-node=\"0\">Taux de r\u00e9ussite \u00e9lev\u00e9 :<\/b> Bien que les dauphins soient des animaux sauvages, cette zone sp\u00e9cifique de la mer Rouge affiche un <b data-path-to-node=\"4,2,0\" data-index-in-node=\"92\">taux d'observation de 90 %,<\/b>ce qui en fait le meilleur site d'\u00c9gypte pour l'observation des dauphins.<\/p>\n<\/li>\n<li>\n<p id=\"p-rc_18e8259c2d904247-483\" data-path-to-node=\"4,3,0\"><b data-path-to-node=\"4,3,0\" data-index-in-node=\"0\"><span class=\"citation-701\">Observation respectueuse de la faune :<\/span><\/b><span class=\"citation-701 citation-end-701\"> Nos guides mettent l'accent sur le tourisme durable, afin que vous puissiez profiter de la beaut\u00e9 des dauphins sans perturber leur comportement naturel ni leur environnement.<\/span><\/p>\n<\/li>\n<\/ul>\n<h3 data-path-to-node=\"5\"><b data-path-to-node=\"5\" data-index-in-node=\"0\">Itin\u00e9raire et logistique<\/b><\/h3>\n<ul data-path-to-node=\"6\">\n<li>\n<p data-path-to-node=\"6,0,0\"><b data-path-to-node=\"6,0,0\" data-index-in-node=\"0\">Dur\u00e9e :<\/b> Excursion en mer d'une journ\u00e9e compl\u00e8te (de 8 h \u00e0 16 h environ).<\/p>\n<\/li>\n<li>\n<p id=\"p-rc_18e8259c2d904247-484\" data-path-to-node=\"6,1,0\"><b data-path-to-node=\"6,1,0\" data-index-in-node=\"0\"><span class=\"citation-700\">Le voyage :<\/span><\/b><span class=\"citation-700 citation-end-700\"> D\u00e9tendez-vous sur un yacht spacieux \u00e0 deux ponts, dot\u00e9 d'un grand pont sup\u00e9rieur pour bronzer et d'espaces ombrag\u00e9s confortables.<\/span><\/p>\n<\/li>\n<li>\n<p id=\"p-rc_18e8259c2d904247-485\" data-path-to-node=\"6,2,0\"><b data-path-to-node=\"6,2,0\" data-index-in-node=\"0\"><span class=\"citation-699\">Assistance d'experts :\n\n\n\n\n Des guides de plong\u00e9e avec tuba professionnels et un \u00e9quipage sympathique sont \u00e0 bord pour vous aider avec l'\u00e9quipement et assurer votre s\u00e9curit\u00e9 dans l'eau.<\/span><\/b><span class=\"citation-699 citation-end-699\"> Professional snorkeling guides and a friendly crew are on board to assist with gear and ensure your safety in the water.<\/span><\/p>\n<\/li>\n<\/ul>\n<h3 data-path-to-node=\"7\"><b data-path-to-node=\"7\" data-index-in-node=\"0\">Inclus dans le voyage<\/b><\/h3>\n<ul data-path-to-node=\"8\">\n<li>\n<p id=\"p-rc_18e8259c2d904247-486\" data-path-to-node=\"8,0,0\"><b data-path-to-node=\"8,0,0\" data-index-in-node=\"0\">Restauration :<\/b><span class=\"citation-698\"> Un plat fra\u00eechement pr\u00e9par\u00e9 <\/span><b data-path-to-node=\"8,0,0\" data-index-in-node=\"27\"><span class=\"citation-698\">d\u00e9jeuner sous forme de buffet<\/span><\/b><span class=\"citation-698 citation-end-698\"> servis \u00e0 bord, souvent compos\u00e9s de sp\u00e9cialit\u00e9s \u00e9gyptiennes locales et de salades fra\u00eeches.<\/span><\/p>\n<\/li>\n<li>\n<p id=\"p-rc_18e8259c2d904247-487\" data-path-to-node=\"8,1,0\"><b data-path-to-node=\"8,1,0\" data-index-in-node=\"0\">Boissons :<\/b><span class=\"citation-697 citation-end-697\"> De l'eau min\u00e9rale, des boissons non alcoolis\u00e9es, du caf\u00e9 et du th\u00e9 sont disponibles \u00e0 volont\u00e9 toute la journ\u00e9e.<\/span><\/p>\n<\/li>\n<li>\n<p id=\"p-rc_18e8259c2d904247-488\" data-path-to-node=\"8,2,0\"><b data-path-to-node=\"8,2,0\" data-index-in-node=\"0\">Mat\u00e9riel :<\/b><span class=\"citation-696\"> Une gamme compl\u00e8te de mat\u00e9riel de haute qualit\u00e9 <\/span><b data-path-to-node=\"8,2,0\" data-index-in-node=\"36\"><span class=\"citation-696\">\u00e9quipement de plong\u00e9e avec tuba<\/span><\/b><span class=\"citation-696 citation-end-696\"> (masques, tubas et palmes) ainsi que des gilets de sauvetage pour toutes les tailles.<\/span><\/p>\n<\/li>\n<li>\n<p id=\"p-rc_18e8259c2d904247-489\" data-path-to-node=\"8,3,0\"><b data-path-to-node=\"8,3,0\" data-index-in-node=\"0\"><span class=\"citation-695\">Transferts depuis l'h\u00f4tel:<\/span><\/b><span class=\"citation-695 citation-end-695\"> Transferts aller-retour en v\u00e9hicule climatis\u00e9 depuis votre h\u00f4tel \u00e0 Hurghada jusqu'\u00e0 la marina.<\/span><\/p>\n<\/li>\n<li>\n<p id=\"p-rc_18e8259c2d904247-490\" data-path-to-node=\"8,4,0\"><b data-path-to-node=\"8,4,0\" data-index-in-node=\"0\"><span class=\"citation-694\">Activit\u00e9s ludiques :<\/span><\/b><span class=\"citation-694\"> La plupart des excursions comprennent une attraction \u00e0 sensations fortes sur le <\/span><b data-path-to-node=\"8,4,0\" data-index-in-node=\"64\"><span class=\"citation-694\">Banana Island,<\/span><\/b><span class=\"citation-694\"> ou <\/span><b data-path-to-node=\"8,4,0\" data-index-in-node=\"79\"><span class=\"citation-694\">Canap\u00e9-bateau<\/span><\/b><span class=\"citation-694 citation-end-694\"> pour terminer la journ\u00e9e en beaut\u00e9.<\/span><\/p>\n<\/li>\n<\/ul>\n<h3 data-path-to-node=\"9\"><b data-path-to-node=\"9\" data-index-in-node=\"0\">Non inclus<\/b><\/h3>\n<ul data-path-to-node=\"10\">\n<li>\n<p id=\"p-rc_18e8259c2d904247-491\" data-path-to-node=\"10,0,0\"><span class=\"citation-693 citation-end-693\">Frais d'entr\u00e9e dans les parcs nationaux et taxes environnementales (obligatoires pour les r\u00e9serves marines).<\/span><\/p>\n<\/li>\n<li>\n<p data-path-to-node=\"10,1,0\">Reportage photo et vid\u00e9o professionnel de votre exp\u00e9rience de plong\u00e9e avec tuba.<\/p>\n<\/li>\n<li>\n<p id=\"p-rc_18e8259c2d904247-492\" data-path-to-node=\"10,2,0\"><span class=\"citation-692 citation-end-692\">D\u00e9penses personnelles et pourboires pour l'\u00e9quipage du bateau.<\/span><\/p>\n<\/li>\n<li>\n<p id=\"p-rc_18e8259c2d904247-493\" data-path-to-node=\"10,3,0\"><span class=\"citation-691 citation-end-691\">Suppl\u00e9ments de transfert pour les stations baln\u00e9aires \u00e9loign\u00e9es (El Gouna, Makadi Bay, Soma Bay ou Safaga).<\/span><\/p>\n<\/li>\n<\/ul>","protected":false},"excerpt":{"rendered":"<p>Dolphin House Hurghada: Wild Dolphin Snorkeling Adventure Experience a truly magical encounter at the Dolphin House (Shaab El Erg), the most famous reef in the Red Sea for spotting wild dolphins. This full-day boat excursion offers a rare opportunity to observe these intelligent creatures in their natural habitat. Unlike a pool performance, this is an [&hellip;]<\/p>\n","protected":false},"featured_media":8452,"comment_status":"open","ping_status":"closed","template":"","meta":{"_joinchat":[]},"product_brand":[],"product_cat":[30],"product_tag":[],"class_list":{"0":"post-8442","1":"product","2":"type-product","3":"status-publish","4":"has-post-thumbnail","6":"product_cat-beach","8":"first","9":"instock","10":"shipping-taxable","11":"purchasable","12":"product-type-ovabrw_car_rental"},"_links":{"self":[{"href":"https:\/\/morningtravelegypt.com\/fr\/wp-json\/wp\/v2\/product\/8442","targetHints":{"allow":["GET"]}}],"collection":[{"href":"https:\/\/morningtravelegypt.com\/fr\/wp-json\/wp\/v2\/product"}],"about":[{"href":"https:\/\/morningtravelegypt.com\/fr\/wp-json\/wp\/v2\/types\/product"}],"replies":[{"embeddable":true,"href":"https:\/\/morningtravelegypt.com\/fr\/wp-json\/wp\/v2\/comments?post=8442"}],"wp:featuredmedia":[{"embeddable":true,"href":"https:\/\/morningtravelegypt.com\/fr\/wp-json\/wp\/v2\/media\/8452"}],"wp:attachment":[{"href":"https:\/\/morningtravelegypt.com\/fr\/wp-json\/wp\/v2\/media?parent=8442"}],"wp:term":[{"taxonomy":"product_brand","embeddable":true,"href":"https:\/\/morningtravelegypt.com\/fr\/wp-json\/wp\/v2\/product_brand?post=8442"},{"taxonomy":"product_cat","embeddable":true,"href":"https:\/\/morningtravelegypt.com\/fr\/wp-json\/wp\/v2\/product_cat?post=8442"},{"taxonomy":"product_tag","embeddable":true,"href":"https:\/\/morningtravelegypt.com\/fr\/wp-json\/wp\/v2\/product_tag?post=8442"}],"curies":[{"name":"wp","href":"https:\/\/api.w.org\/{rel}","templated":true}]}}