{"id":8457,"date":"2023-09-26T03:35:57","date_gmt":"2023-09-26T03:35:57","guid":{"rendered":"https:\/\/morningtravelegypt.com\/new\/?post_type=product&#038;p=8457"},"modified":"2026-05-04T23:30:08","modified_gmt":"2026-05-04T23:30:08","slug":"diving-program","status":"publish","type":"product","link":"https:\/\/morningtravelegypt.com\/fr\/product\/diving-program\/","title":{"rendered":"Programme de plong\u00e9e"},"content":{"rendered":"<h2 data-path-to-node=\"0\"><b data-path-to-node=\"0\" data-index-in-node=\"0\">Cours de plong\u00e9e sous-marine \u00e0 Hurghada : d\u00e9couvrez les merveilles sous-marines de la mer Rouge<\/b><\/h2>\n<p id=\"p-rc_aa1baab0326de084-394\" data-path-to-node=\"1\">D\u00e9couvrez l'une des meilleures destinations de plong\u00e9e au monde gr\u00e2ce \u00e0 notre guide complet <b data-path-to-node=\"1\" data-index-in-node=\"78\">Cours de plong\u00e9e sous-marine \u00e0 Hurghada<\/b>. <span class=\"citation-603\">R\u00e9put\u00e9e pour sa visibilit\u00e9 exceptionnelle, ses jardins de corail aux couleurs chatoyantes et la diversit\u00e9 de sa faune marine, la <\/span><b data-path-to-node=\"1\" data-index-in-node=\"204\"><span class=\"citation-603\">Mer Rouge<\/span><\/b><span class=\"citation-603 citation-end-603\"> offre une exp\u00e9rience inoubliable \u00e0 tous.<\/span> <span class=\"citation-602 citation-end-602\">Que vous soyez un d\u00e9butant qui s'essaie \u00e0 la plong\u00e9e pour la premi\u00e8re fois ou un plongeur exp\u00e9riment\u00e9 \u00e0 la recherche de certifications avanc\u00e9es, nos moniteurs professionnels vous garantissent une exp\u00e9rience sous-marine \u00e0 la fois s\u00fbre, passionnante et enrichissante.<\/span><\/p>\n<hr data-path-to-node=\"2\" \/>\n<h3 data-path-to-node=\"3\"><b data-path-to-node=\"3\" data-index-in-node=\"0\">Options de programmes de plong\u00e9e<\/b><\/h3>\n<h4 data-path-to-node=\"4\"><b data-path-to-node=\"4\" data-index-in-node=\"0\">1. <span class=\"citation-601\">Initiation \u00e0 la plong\u00e9e (aucune exp\u00e9rience requise)<\/span><\/b><\/h4>\n<p id=\"p-rc_aa1baab0326de084-395\" data-path-to-node=\"5\"><span class=\"citation-600 citation-end-600\">Id\u00e9al pour ceux qui souhaitent s'essayer \u00e0 la plong\u00e9e sous-marine pour la premi\u00e8re fois sans s'engager dans un stage complet.<\/span><\/p>\n<ul data-path-to-node=\"6\">\n<li>\n<p id=\"p-rc_aa1baab0326de084-396\" data-path-to-node=\"6,0,0\"><b data-path-to-node=\"6,0,0\" data-index-in-node=\"0\"><span class=\"citation-599\">Deux plong\u00e9es guid\u00e9es :<\/span><\/b><span class=\"citation-599 citation-end-599\"> Profitez de deux sorties sous-marines distinctes (d'environ<\/span> <span class=\"citation-598 citation-end-598\">20 minutes chacune) sur deux sites r\u00e9cifaux pittoresques diff\u00e9rents.<\/span><\/p>\n<\/li>\n<li>\n<p data-path-to-node=\"6,1,0\"><b data-path-to-node=\"6,1,0\" data-index-in-node=\"0\">Encadrement personnalis\u00e9 :<\/b> Vous serez accompagn\u00e9 d\u2019un <b data-path-to-node=\"6,1,0\" data-index-in-node=\"62\">Instructeur PADI ou SSI<\/b> qui s'occupera de tous les aspects techniques pendant que vous vous d\u00e9tendrez et explorerez les lieux.<\/p>\n<\/li>\n<li>\n<p id=\"p-rc_aa1baab0326de084-397\" data-path-to-node=\"6,2,0\"><b data-path-to-node=\"6,2,0\" data-index-in-node=\"0\">Briefing de s\u00e9curit\u00e9 :<\/b><span class=\"citation-597 citation-end-597\"> Apprenez les bases de la communication sous-marine, de l'utilisation de l'\u00e9quipement et des techniques de respiration dans un environnement confortable et sans pression.<\/span><\/p>\n<\/li>\n<\/ul>\n<h4 data-path-to-node=\"7\"><b data-path-to-node=\"7\" data-index-in-node=\"0\">2. Cours PADI Open Water Diver<\/b><\/h4>\n<p id=\"p-rc_aa1baab0326de084-398\" data-path-to-node=\"8\"><span class=\"citation-596 citation-end-596\">La certification d'entr\u00e9e de gamme la plus populaire au monde.<\/span><\/p>\n<ul data-path-to-node=\"9\">\n<li>\n<p id=\"p-rc_aa1baab0326de084-399\" data-path-to-node=\"9,0,0\"><b data-path-to-node=\"9,0,0\" data-index-in-node=\"0\"><span class=\"citation-595\">Certification :<\/span><\/b><span class=\"citation-595\"> Obtenez un brevet qui vous permettra de plonger en autonomie avec un bin\u00f4me jusqu'\u00e0 une profondeur maximale de <\/span><b data-path-to-node=\"9,0,0\" data-index-in-node=\"103\"><span class=\"citation-595\">18 m\u00e8tres<\/span><\/b><span class=\"citation-595 citation-end-595\">.<\/span><\/p>\n<\/li>\n<li>\n<p data-path-to-node=\"9,1,0\"><b data-path-to-node=\"9,1,0\" data-index-in-node=\"0\">Formation compl\u00e8te :<\/b> Comprend des cours th\u00e9oriques, des exercices pratiques en eaux peu profondes et quatre plong\u00e9es en milieu naturel r\u00e9parties sur 3 \u00e0 4 jours.<\/p>\n<\/li>\n<\/ul>\n<h4 data-path-to-node=\"10\"><b data-path-to-node=\"10\" data-index-in-node=\"0\">3. <span class=\"citation-594\">Plongeur Advanced Open Water (AOWD)<\/span><\/b><\/h4>\n<p id=\"p-rc_aa1baab0326de084-400\" data-path-to-node=\"11\"><span class=\"citation-593 citation-end-593\">Con\u00e7u pour les plongeurs certifi\u00e9s qui souhaitent approfondir leurs comp\u00e9tences et descendre plus profond\u00e9ment.<\/span><\/p>\n<ul data-path-to-node=\"12\">\n<li>\n<p id=\"p-rc_aa1baab0326de084-401\" data-path-to-node=\"12,0,0\"><b data-path-to-node=\"12,0,0\" data-index-in-node=\"0\">Plong\u00e9e profonde :<\/b><span class=\"citation-592\"> Obtenez la certification pour plonger jusqu'\u00e0 <\/span><b data-path-to-node=\"12,0,0\" data-index-in-node=\"50\"><span class=\"citation-592\">30 m\u00e8tres<\/span><\/b><span class=\"citation-592 citation-end-592\">.<\/span><\/p>\n<\/li>\n<li>\n<p id=\"p-rc_aa1baab0326de084-402\" data-path-to-node=\"12,1,0\"><b data-path-to-node=\"12,1,0\" data-index-in-node=\"0\"><span class=\"citation-591\">Plong\u00e9es sp\u00e9cialis\u00e9es :<\/span><\/b><span class=\"citation-591\"> D\u00e9couvrez des modules passionnants tels que <\/span><b data-path-to-node=\"12,1,0\" data-index-in-node=\"53\"><span class=\"citation-591\">la plong\u00e9e sur \u00e9pave<\/span><\/b><span class=\"citation-591\">, <\/span><b data-path-to-node=\"12,1,0\" data-index-in-node=\"67\"><span class=\"citation-591\">la navigation sous-marine<\/span><\/b><span class=\"citation-591\">, <\/span><b data-path-to-node=\"12,1,0\" data-index-in-node=\"90\"><span class=\"citation-591\">la ma\u00eetrise de la flottabilit\u00e9<\/span><\/b><span class=\"citation-591\">,et <\/span><b data-path-to-node=\"12,1,0\" data-index-in-node=\"121\"><span class=\"citation-591\">la plong\u00e9e de nuit<\/span><\/b><span class=\"citation-591 citation-end-591\">.<\/span><\/p>\n<\/li>\n<\/ul>\n<hr data-path-to-node=\"13\" \/>\n<h3 data-path-to-node=\"14\"><b data-path-to-node=\"14\" data-index-in-node=\"0\">Itin\u00e9raire et logistique<\/b><\/h3>\n<ul data-path-to-node=\"15\">\n<li>\n<p data-path-to-node=\"15,0,0\"><b data-path-to-node=\"15,0,0\" data-index-in-node=\"0\">Dur\u00e9e :<\/b> Excursion en bateau d'une journ\u00e9e (de 8 h \u00e0 16 h).<\/p>\n<\/li>\n<li>\n<p id=\"p-rc_aa1baab0326de084-403\" data-path-to-node=\"15,1,0\"><b data-path-to-node=\"15,1,0\" data-index-in-node=\"0\"><span class=\"citation-590\">Sites de plong\u00e9e de renomm\u00e9e mondiale :<\/span><\/b><span class=\"citation-590\"> Nous explorons des r\u00e9cifs r\u00e9put\u00e9s tels que <\/span><b data-path-to-node=\"15,1,0\" data-index-in-node=\"56\"><span class=\"citation-590\">Abu Ramada (l'Aquarium)<\/span><\/b><span class=\"citation-590\">, <\/span><b data-path-to-node=\"15,1,0\" data-index-in-node=\"83\"><span class=\"citation-590\">Giftun Soraya<\/span><\/b><span class=\"citation-590\">,et <\/span><b data-path-to-node=\"15,1,0\" data-index-in-node=\"102\"><span class=\"citation-590\">El Fanadir,<\/span><\/b><span class=\"citation-590 citation-end-590\">connus pour leurs observations de tortues, de raies et de dauphins.<\/span><\/p>\n<\/li>\n<li>\n<p data-path-to-node=\"15,2,0\"><b data-path-to-node=\"15,2,0\" data-index-in-node=\"0\">Confort \u00e0 bord :<\/b> D\u00e9tendez-vous \u00e0 bord d'un yacht de plong\u00e9e spacieux, \u00e9quip\u00e9 d'un pont sup\u00e9rieur, d'un salon et d'une plate-forme de plong\u00e9e professionnelle.<\/p>\n<\/li>\n<\/ul>\n<h3 data-path-to-node=\"16\"><b data-path-to-node=\"16\" data-index-in-node=\"0\">Inclus dans le voyage<\/b><\/h3>\n<ul data-path-to-node=\"17\">\n<li>\n<p id=\"p-rc_aa1baab0326de084-404\" data-path-to-node=\"17,0,0\"><b data-path-to-node=\"17,0,0\" data-index-in-node=\"0\">\u00c9quipement complet de plong\u00e9e :<\/b><span class=\"citation-589 citation-end-589\"> Utilisation de d\u00e9tendeurs, gilets stabilisateurs, masques, palmes et combinaisons de haute qualit\u00e9.<\/span><\/p>\n<\/li>\n<li>\n<p id=\"p-rc_aa1baab0326de084-405\" data-path-to-node=\"17,1,0\"><b data-path-to-node=\"17,1,0\" data-index-in-node=\"0\"><span class=\"citation-588\">Transferts depuis l'h\u00f4tel:<\/span><\/b><span class=\"citation-588 citation-end-588\"> Transferts aller-retour en v\u00e9hicule climatis\u00e9 depuis votre h\u00f4tel \u00e0 Hurghada.<\/span><\/p>\n<\/li>\n<li>\n<p id=\"p-rc_aa1baab0326de084-406\" data-path-to-node=\"17,2,0\"><b data-path-to-node=\"17,2,0\" data-index-in-node=\"0\">Restauration :<\/b><span class=\"citation-587\"> Un plat fra\u00eechement pr\u00e9par\u00e9 <\/span><b data-path-to-node=\"17,2,0\" data-index-in-node=\"27\"><span class=\"citation-587\">d\u00e9jeuner sous forme de buffet<\/span><\/b><span class=\"citation-587 citation-end-587\"> servi \u00e0 bord entre les plong\u00e9es.<\/span><\/p>\n<\/li>\n<li>\n<p id=\"p-rc_aa1baab0326de084-407\" data-path-to-node=\"17,3,0\"><b data-path-to-node=\"17,3,0\" data-index-in-node=\"0\">Rafra\u00eechissements :<\/b><span class=\"citation-586 citation-end-586\"> Boissons non alcoolis\u00e9es, eau min\u00e9rale, caf\u00e9 et th\u00e9 \u00e0 volont\u00e9.<\/span><\/p>\n<\/li>\n<li>\n<p id=\"p-rc_aa1baab0326de084-408\" data-path-to-node=\"17,4,0\"><b data-path-to-node=\"17,4,0\" data-index-in-node=\"0\"><span class=\"citation-585\">Guides professionnels :<\/span><\/b><span class=\"citation-585 citation-end-585\"> Des ma\u00eetres de plong\u00e9e et des instructeurs multilingues exp\u00e9riment\u00e9s, soucieux de votre s\u00e9curit\u00e9.<\/span><\/p>\n<\/li>\n<\/ul>\n<h3 data-path-to-node=\"18\"><b data-path-to-node=\"18\" data-index-in-node=\"0\">Non inclus<\/b><\/h3>\n<ul data-path-to-node=\"19\">\n<li>\n<p id=\"p-rc_aa1baab0326de084-409\" data-path-to-node=\"19,0,0\"><span class=\"citation-584 citation-end-584\">Frais d'entr\u00e9e dans les parcs nationaux et les r\u00e9serves marines (\u00e0 r\u00e9gler sur place).<\/span><\/p>\n<\/li>\n<li>\n<p data-path-to-node=\"19,1,0\">Frais de dossier pour les certifications et manuels (pour les stages de plusieurs jours).<\/p>\n<\/li>\n<li>\n<p data-path-to-node=\"19,2,0\">Services professionnels de photographie et de vid\u00e9ographie sous-marines.<\/p>\n<\/li>\n<li>\n<p data-path-to-node=\"19,3,0\">D\u00e9penses personnelles et pourboires.<\/p>\n<\/li>\n<\/ul>","protected":false},"excerpt":{"rendered":"<p>Scuba Diving Programs in Hurghada: Discover the Red Sea\u2019s Underwater Wonders Explore one of the world\u2019s premier diving destinations with our comprehensive scuba diving programs in Hurghada. Famous for its exceptional visibility, vibrant coral gardens, and diverse marine life, the Red Sea offers an unforgettable experience for everyone. From first-time adventurers taking their &#8220;Intro Dive&#8221; [&hellip;]<\/p>\n","protected":false},"featured_media":9752,"comment_status":"open","ping_status":"closed","template":"","meta":{"_joinchat":[]},"product_brand":[],"product_cat":[53],"product_tag":[],"class_list":{"0":"post-8457","1":"product","2":"type-product","3":"status-publish","4":"has-post-thumbnail","6":"product_cat-diving-under-water","8":"first","9":"instock","10":"shipping-taxable","11":"purchasable","12":"product-type-ovabrw_car_rental"},"_links":{"self":[{"href":"https:\/\/morningtravelegypt.com\/fr\/wp-json\/wp\/v2\/product\/8457","targetHints":{"allow":["GET"]}}],"collection":[{"href":"https:\/\/morningtravelegypt.com\/fr\/wp-json\/wp\/v2\/product"}],"about":[{"href":"https:\/\/morningtravelegypt.com\/fr\/wp-json\/wp\/v2\/types\/product"}],"replies":[{"embeddable":true,"href":"https:\/\/morningtravelegypt.com\/fr\/wp-json\/wp\/v2\/comments?post=8457"}],"wp:featuredmedia":[{"embeddable":true,"href":"https:\/\/morningtravelegypt.com\/fr\/wp-json\/wp\/v2\/media\/9752"}],"wp:attachment":[{"href":"https:\/\/morningtravelegypt.com\/fr\/wp-json\/wp\/v2\/media?parent=8457"}],"wp:term":[{"taxonomy":"product_brand","embeddable":true,"href":"https:\/\/morningtravelegypt.com\/fr\/wp-json\/wp\/v2\/product_brand?post=8457"},{"taxonomy":"product_cat","embeddable":true,"href":"https:\/\/morningtravelegypt.com\/fr\/wp-json\/wp\/v2\/product_cat?post=8457"},{"taxonomy":"product_tag","embeddable":true,"href":"https:\/\/morningtravelegypt.com\/fr\/wp-json\/wp\/v2\/product_tag?post=8457"}],"curies":[{"name":"wp","href":"https:\/\/api.w.org\/{rel}","templated":true}]}}