{"id":8478,"date":"2023-09-26T04:30:45","date_gmt":"2023-09-26T04:30:45","guid":{"rendered":"https:\/\/morningtravelegypt.com\/new\/?post_type=product&#038;p=8478"},"modified":"2026-05-04T23:31:38","modified_gmt":"2026-05-04T23:31:38","slug":"hot-air-balloon","status":"publish","type":"product","link":"https:\/\/morningtravelegypt.com\/fr\/product\/hot-air-balloon\/","title":{"rendered":"Montgolfi\u00e8re \u00e0 Louxor"},"content":{"rendered":"<p class=\"ng-star-inserted\"><strong class=\"ng-star-inserted\"><span class=\"ng-star-inserted\">Les points forts du circuit<\/span><\/strong><\/p>\n<ul class=\"ng-star-inserted\">\n<li class=\"ng-star-inserted\">\n<p class=\"ng-star-inserted\"><strong class=\"ng-star-inserted\"><span class=\"ng-star-inserted\">Montgolfi\u00e8re au lever du soleil :<\/span><\/strong><span class=\"ng-star-inserted\">\u00a0Survolez la Vall\u00e9e des Rois et le Nil \u00e0 l'aube : une exp\u00e9rience inoubliable \u00e0 vivre absolument.<\/span><\/p>\n<\/li>\n<li class=\"ng-star-inserted\">\n<p class=\"ng-star-inserted\"><strong class=\"ng-star-inserted\"><span class=\"ng-star-inserted\">Le temple de Louxor de nuit :<\/span><\/strong><span class=\"ng-star-inserted\">\u00a0Le premier soir, allez d\u00e9couvrir le temple de la rive est, magnifiquement illumin\u00e9.<\/span><\/p>\n<\/li>\n<li class=\"ng-star-inserted\">\n<p class=\"ng-star-inserted\"><strong class=\"ng-star-inserted\"><span class=\"ng-star-inserted\">M\u00e9dinet Habou :<\/span><\/strong><span class=\"ng-star-inserted\">\u00a0Le deuxi\u00e8me jour, visitez le temple fun\u00e9raire de Rams\u00e8s III, c\u00e9l\u00e8bre pour ses reliefs en creux remarquablement bien conserv\u00e9s.<\/span><\/p>\n<\/li>\n<li class=\"ng-star-inserted\">\n<p class=\"ng-star-inserted\"><strong class=\"ng-star-inserted\"><span class=\"ng-star-inserted\">La Vall\u00e9e des Reines :<\/span><\/strong><span class=\"ng-star-inserted\">\u00a0D\u00e9couvrez le lieu de repos \u00e9ternel des \u00e9pouses royales (en option : la tombe de N\u00e9fertari).<\/span><\/p>\n<\/li>\n<\/ul>\n<p class=\"ng-star-inserted\"><strong class=\"ng-star-inserted\"><span class=\"ng-star-inserted\">Itin\u00e9raire et logistique<\/span><\/strong><\/p>\n<ul class=\"ng-star-inserted\">\n<li class=\"ng-star-inserted\">\n<p class=\"ng-star-inserted\"><strong class=\"ng-star-inserted\"><span class=\"ng-star-inserted\">Dur\u00e9e :<\/span><\/strong><span class=\"ng-star-inserted\">\u00a02 jours \/ 1 nuit.<\/span><\/p>\n<\/li>\n<li class=\"ng-star-inserted\">\n<p class=\"ng-star-inserted\"><strong class=\"ng-star-inserted\"><span class=\"ng-star-inserted\">H\u00e9bergement :<\/span><\/strong><span class=\"ng-star-inserted\">\u00a0Nuit dans un h\u00f4tel 4 ou 5 \u00e9toiles avec vue sur le Nil.<\/span><\/p>\n<\/li>\n<li class=\"ng-star-inserted\">\n<p class=\"ng-star-inserted\"><strong class=\"ng-star-inserted\"><span class=\"ng-star-inserted\">Transports :<\/span><\/strong><span class=\"ng-star-inserted\">\u00a0Un moyen de transport confortable et climatis\u00e9 pendant toute la dur\u00e9e du voyage.<\/span><\/p>\n<\/li>\n<li class=\"ng-star-inserted\">\n<p class=\"ng-star-inserted\"><strong class=\"ng-star-inserted\"><span class=\"ng-star-inserted\">Vol en montgolfi\u00e8re :<\/span><\/strong><span class=\"ng-star-inserted\">\u00a0Cela se passe vers 4 h 30 du matin, le deuxi\u00e8me jour.<\/span><\/p>\n<\/li>\n<\/ul>\n<p class=\"ng-star-inserted\"><strong class=\"ng-star-inserted\"><span class=\"ng-star-inserted\">Inclus dans le voyage<\/span><\/strong><\/p>\n<ul class=\"ng-star-inserted\">\n<li class=\"ng-star-inserted\">\n<p class=\"ng-star-inserted\"><span class=\"ng-star-inserted\">Vol en montgolfi\u00e8re (environ 45 \u00e0 60 minutes).<\/span><\/p>\n<\/li>\n<li class=\"ng-star-inserted\">\n<p class=\"ng-star-inserted\"><span class=\"ng-star-inserted\">Tous les transferts et l'accompagnement par un professionnel pendant deux jours.<\/span><\/p>\n<\/li>\n<li class=\"ng-star-inserted\">\n<p class=\"ng-star-inserted\"><strong class=\"ng-star-inserted\"><span class=\"ng-star-inserted\">Repas :<\/span><\/strong><span class=\"ng-star-inserted\">\u00a02 d\u00e9jeuners, 1 petit-d\u00e9jeuner.<\/span><\/p>\n<\/li>\n<li class=\"ng-star-inserted\">\n<p class=\"ng-star-inserted\"><span class=\"ng-star-inserted\">H\u00e9bergement en chambre double.<\/span><\/p>\n<\/li>\n<li class=\"ng-star-inserted\">\n<p class=\"ng-star-inserted\"><span class=\"ng-star-inserted\">Frais d'entr\u00e9e pour Karnak, le temple de Louxor, la Vall\u00e9e des Rois et le temple d'Habu.<\/span><\/p>\n<\/li>\n<\/ul>\n<p class=\"ng-star-inserted\"><strong class=\"ng-star-inserted\"><span class=\"ng-star-inserted\">Non inclus<\/span><\/strong><\/p>\n<ul class=\"ng-star-inserted\">\n<li class=\"ng-star-inserted\">\n<p class=\"ng-star-inserted\"><span class=\"ng-star-inserted\">Boissons et d\u00e9penses personnelles.<\/span><\/p>\n<\/li>\n<li class=\"ng-star-inserted\">\n<p class=\"ng-star-inserted\"><span class=\"ng-star-inserted\">Acc\u00e8s \u00e0 la tombe de N\u00e9fertari (disponible en option).<\/span><\/p>\n<\/li>\n<li class=\"ng-star-inserted\">\n<p class=\"ng-star-inserted\"><span class=\"ng-star-inserted\">Le d\u00eener du premier soir.<\/span><\/p>\n<\/li>\n<\/ul>","protected":false},"excerpt":{"rendered":"<p>Experience the ultimate bucket-list adventure with a <b data-path-to-node=\"1\" data-index-in-node=\"53\">Luxor Hot Air Balloon ride<\/b>. Floating gently over the world\u2019s largest open-air museum, you will witness the sun rising over the <b data-path-to-node=\"1\" data-index-in-node=\"180\">Vall\u00e9e des Rois<\/b>, the <b data-path-to-node=\"1\" data-index-in-node=\"205\">Nile River<\/b>, and the majestic temples of <b data-path-to-node=\"1\" data-index-in-node=\"245\">Ancient Egypt<\/b>. This peaceful yet exhilarating flight offers unparalleled photographic opportunities and a perspective of the landscape that is impossible to gain from the ground.<\/p>","protected":false},"featured_media":8480,"comment_status":"open","ping_status":"closed","template":"","meta":{"_joinchat":[]},"product_brand":[],"product_cat":[41],"product_tag":[],"class_list":{"0":"post-8478","1":"product","2":"type-product","3":"status-publish","4":"has-post-thumbnail","6":"product_cat-sky-city","8":"first","9":"instock","10":"shipping-taxable","11":"purchasable","12":"product-type-ovabrw_car_rental"},"_links":{"self":[{"href":"https:\/\/morningtravelegypt.com\/fr\/wp-json\/wp\/v2\/product\/8478","targetHints":{"allow":["GET"]}}],"collection":[{"href":"https:\/\/morningtravelegypt.com\/fr\/wp-json\/wp\/v2\/product"}],"about":[{"href":"https:\/\/morningtravelegypt.com\/fr\/wp-json\/wp\/v2\/types\/product"}],"replies":[{"embeddable":true,"href":"https:\/\/morningtravelegypt.com\/fr\/wp-json\/wp\/v2\/comments?post=8478"}],"wp:featuredmedia":[{"embeddable":true,"href":"https:\/\/morningtravelegypt.com\/fr\/wp-json\/wp\/v2\/media\/8480"}],"wp:attachment":[{"href":"https:\/\/morningtravelegypt.com\/fr\/wp-json\/wp\/v2\/media?parent=8478"}],"wp:term":[{"taxonomy":"product_brand","embeddable":true,"href":"https:\/\/morningtravelegypt.com\/fr\/wp-json\/wp\/v2\/product_brand?post=8478"},{"taxonomy":"product_cat","embeddable":true,"href":"https:\/\/morningtravelegypt.com\/fr\/wp-json\/wp\/v2\/product_cat?post=8478"},{"taxonomy":"product_tag","embeddable":true,"href":"https:\/\/morningtravelegypt.com\/fr\/wp-json\/wp\/v2\/product_tag?post=8478"}],"curies":[{"name":"wp","href":"https:\/\/api.w.org\/{rel}","templated":true}]}}