{"id":8487,"date":"2023-09-26T04:00:05","date_gmt":"2023-09-26T04:00:05","guid":{"rendered":"https:\/\/morningtravelegypt.com\/new\/?post_type=product&#038;p=8487"},"modified":"2026-05-04T23:28:03","modified_gmt":"2026-05-04T23:28:03","slug":"mini-safari","status":"publish","type":"product","link":"https:\/\/morningtravelegypt.com\/fr\/product\/mini-safari\/","title":{"rendered":"Mini-safari"},"content":{"rendered":"<h2 data-path-to-node=\"0\"><b data-path-to-node=\"0\" data-index-in-node=\"0\">Mini-safari matinal au lever du soleil dans le d\u00e9sert : une aventure de 3 heures en quad<\/b><\/h2>\n<p id=\"p-rc_a6b8be70a9898a4b-218\" data-path-to-node=\"1\">D\u00e9couvrez la beaut\u00e9 sauvage du <b data-path-to-node=\"1\" data-index-in-node=\"33\">Sahara \u00e9gyptien<\/b> avec notre <b data-path-to-node=\"1\" data-index-in-node=\"58\">Mini-safari matinal<\/b> \u00e0 Hurghada. <span class=\"citation-365\">Id\u00e9ale pour ceux qui souhaitent vivre une exp\u00e9rience d\u00e9sertique riche en adr\u00e9naline sans s\u2019engager dans une excursion d\u2019une journ\u00e9e enti\u00e8re, cette aventure de 3 heures allie les sensations fortes du <\/span><b data-path-to-node=\"1\" data-index-in-node=\"238\"><span class=\"citation-365\">une balade en quad<\/span><\/b><span class=\"citation-365 citation-end-365\"> dans le cadre d'un \u00e9change culturel serein.<\/span> <span class=\"citation-364\">Que vous choisissiez de partir \u00e0 la recherche de <\/span><b data-path-to-node=\"1\" data-index-in-node=\"318\"><span class=\"citation-364\">lever du soleil<\/span><\/b><span class=\"citation-364 citation-end-364\"> ou partez \u00e0 la d\u00e9couverte sous le soleil matinal : vous d\u00e9couvrirez les paysages d\u00e9sertiques \u00e0 couper le souffle et les montagnes escarp\u00e9es de la mer Rouge comme jamais auparavant.<\/span><\/p>\n<hr data-path-to-node=\"2\" \/>\n<h3 data-path-to-node=\"3\"><b data-path-to-node=\"3\" data-index-in-node=\"0\">Les points forts de l'exp\u00e9rience<\/b><\/h3>\n<ul data-path-to-node=\"4\">\n<li>\n<p id=\"p-rc_a6b8be70a9898a4b-219\" data-path-to-node=\"4,0,0\"><b data-path-to-node=\"4,0,0\" data-index-in-node=\"0\">Aventure en quad :<\/b><span class=\"citation-363\"> Prenez les commandes d'un puissant <\/span><b data-path-to-node=\"4,0,0\" data-index-in-node=\"57\"><span class=\"citation-363\">quad<\/span><\/b><span class=\"citation-363 citation-end-363\"> et foncez \u00e0 toute allure sur le sable dor\u00e9.<\/span> <span class=\"citation-362 citation-end-362\">Profitez d'une excursion guid\u00e9e de 30 km aller-retour (15 km par trajet) \u00e0 travers les plaines ouvertes et les dunes ondulantes.<\/span><\/p>\n<\/li>\n<li>\n<p id=\"p-rc_a6b8be70a9898a4b-220\" data-path-to-node=\"4,1,0\"><b data-path-to-node=\"4,1,0\" data-index-in-node=\"0\"><span class=\"citation-361\">Lever de soleil sur les montagnes :<\/span><\/b><span class=\"citation-361\"> Pour les l\u00e8ve-t\u00f4t, notre d\u00e9part \u00e0 2 h du matin vous offre une place au premier rang pour assister \u00e0 un <\/span><b data-path-to-node=\"4,1,0\" data-index-in-node=\"108\"><span class=\"citation-361\">lever de soleil dans le d\u00e9sert,<\/span><\/b><span class=\"citation-361 citation-end-361\">avec une lumi\u00e8re id\u00e9ale pour r\u00e9aliser de superbes photos.<\/span><\/p>\n<\/li>\n<li>\n<p id=\"p-rc_a6b8be70a9898a4b-221\" data-path-to-node=\"4,2,0\"><b data-path-to-node=\"4,2,0\" data-index-in-node=\"0\"><span class=\"citation-360\">L'hospitalit\u00e9 b\u00e9douine :<\/span><\/b><span class=\"citation-360\"> D\u00e9couvrez un <\/span><b data-path-to-node=\"4,2,0\" data-index-in-node=\"41\"><span class=\"citation-360\">village b\u00e9douin<\/span><\/b><span class=\"citation-360 citation-end-360\"> nich\u00e9 au c\u0153ur du d\u00e9sert.<\/span> <span class=\"citation-359\">Installez-vous confortablement dans une tente b\u00e9douine et d\u00e9tendez-vous en d\u00e9gustant un <\/span><b data-path-to-node=\"4,2,0\" data-index-in-node=\"165\"><span class=\"citation-359\">th\u00e9 b\u00e9douin<\/span><\/b><span class=\"citation-359 citation-end-359\">.<\/span><\/p>\n<\/li>\n<li>\n<p id=\"p-rc_a6b8be70a9898a4b-222\" data-path-to-node=\"4,3,0\"><b data-path-to-node=\"4,3,0\" data-index-in-node=\"0\"><span class=\"citation-358\">authentique et parfum\u00e9<\/span><\/b><span class=\"citation-358 citation-end-358\"> D\u00e9couvrez les traditions ancestrales et le mode de vie nomade des habitants du d\u00e9sert, une culture qui s'\u00e9panouit dans ces montagnes depuis des si\u00e8cles.<\/span><\/p>\n<\/li>\n<\/ul>\n<h3 data-path-to-node=\"5\"><b data-path-to-node=\"5\" data-index-in-node=\"0\">Itin\u00e9raire et logistique<\/b><\/h3>\n<ul data-path-to-node=\"6\">\n<li>\n<p data-path-to-node=\"6,0,0\"><b data-path-to-node=\"6,0,0\" data-index-in-node=\"0\">Option matinale :<\/b> 8 h 00 \u2013 11 h 00 (Id\u00e9al pour les voyageurs actifs).<\/p>\n<\/li>\n<li>\n<p data-path-to-node=\"6,1,0\"><b data-path-to-node=\"6,1,0\" data-index-in-node=\"0\">Sunrise Option:<\/b> 2 h 00 \u2013 5 h 00 (Le meilleur moment pour profiter des paysages du d\u00e9sert et de temp\u00e9ratures plus fra\u00eeches).<\/p>\n<\/li>\n<li>\n<p id=\"p-rc_a6b8be70a9898a4b-223\" data-path-to-node=\"6,2,0\"><b data-path-to-node=\"6,2,0\" data-index-in-node=\"0\">La s\u00e9curit\u00e9 avant tout :<\/b><span class=\"citation-357\"> Chaque excursion commence par un <\/span><b data-path-to-node=\"6,2,0\" data-index-in-node=\"52\"><span class=\"citation-357\">briefing de s\u00e9curit\u00e9<\/span><\/b><span class=\"citation-357 citation-end-357\"> professionnel et un essai de conduite \u00e0 notre station de quads pour s\u2019assurer que vous \u00eates \u00e0 l\u2019aise avant de partir dans les dunes.<\/span><\/p>\n<\/li>\n<li>\n<p id=\"p-rc_a6b8be70a9898a4b-224\" data-path-to-node=\"6,3,0\"><b data-path-to-node=\"6,3,0\" data-index-in-node=\"0\"><span class=\"citation-356\">Des guides experts :<\/span><\/b><span class=\"citation-356 citation-end-356\"> Suivez nos guides de safari dans le d\u00e9sert exp\u00e9riment\u00e9s qui connaissent tous les sentiers et tous les points de vue panoramiques.<\/span><\/p>\n<\/li>\n<\/ul>\n<h3 data-path-to-node=\"7\"><b data-path-to-node=\"7\" data-index-in-node=\"0\">Inclus dans le voyage<\/b><\/h3>\n<ul data-path-to-node=\"8\">\n<li>\n<p id=\"p-rc_a6b8be70a9898a4b-225\" data-path-to-node=\"8,0,0\"><b data-path-to-node=\"8,0,0\" data-index-in-node=\"0\"><span class=\"citation-355\">Transferts depuis l'h\u00f4tel:<\/span><\/b><span class=\"citation-355 citation-end-355\"> Transferts aller-retour en v\u00e9hicule climatis\u00e9 depuis votre h\u00f4tel jusqu'\u00e0 la base de safari.<\/span><\/p>\n<\/li>\n<li>\n<p id=\"p-rc_a6b8be70a9898a4b-226\" data-path-to-node=\"8,1,0\"><b data-path-to-node=\"8,1,0\" data-index-in-node=\"0\">Mat\u00e9riel :<\/b><span class=\"citation-354\"> Utilisation d'un <\/span><b data-path-to-node=\"8,1,0\" data-index-in-node=\"20\"><span class=\"citation-354\">quad<\/span><\/b><span class=\"citation-354 citation-end-354\"> (monoplace ou biplace) et d'un casque de s\u00e9curit\u00e9.<\/span><\/p>\n<\/li>\n<li>\n<p id=\"p-rc_a6b8be70a9898a4b-227\" data-path-to-node=\"8,2,0\"><b data-path-to-node=\"8,2,0\" data-index-in-node=\"0\">Visite chez les B\u00e9douins :<\/b><span class=\"citation-353 citation-end-353\"> Entr\u00e9e au campement b\u00e9douin et service de th\u00e9 traditionnel.<\/span><\/p>\n<\/li>\n<li>\n<p id=\"p-rc_a6b8be70a9898a4b-228\" data-path-to-node=\"8,3,0\"><b data-path-to-node=\"8,3,0\" data-index-in-node=\"0\"><span class=\"citation-352\">Guide professionnel :<\/span><\/b><span class=\"citation-352 citation-end-352\"> Un guide de safari d\u00e9di\u00e9 pour vous accompagner tout au long de la visite.<\/span><\/p>\n<\/li>\n<\/ul>\n<h3 data-path-to-node=\"9\"><b data-path-to-node=\"9\" data-index-in-node=\"0\">Non inclus<\/b><\/h3>\n<ul data-path-to-node=\"10\">\n<li>\n<p id=\"p-rc_a6b8be70a9898a4b-229\" data-path-to-node=\"10,0,0\"><b data-path-to-node=\"10,0,0\" data-index-in-node=\"0\">\u00c9charpe de safari (Arafat) :<\/b><span class=\"citation-351 citation-end-351\"> Fortement recommand\u00e9e pour se prot\u00e9ger de la poussi\u00e8re et du sable.<\/span><\/p>\n<\/li>\n<li>\n<p data-path-to-node=\"10,1,0\"><b data-path-to-node=\"10,1,0\" data-index-in-node=\"0\">Lunettes de protection :<\/b> Disponibles \u00e0 la location \u00e0 la gare.<\/p>\n<\/li>\n<li>\n<p data-path-to-node=\"10,2,0\"><b data-path-to-node=\"10,2,0\" data-index-in-node=\"0\">D\u00e9penses personnelles :<\/b> Photos ou vid\u00e9os prises par le photographe professionnel du safari.<\/p>\n<\/li>\n<li>\n<p data-path-to-node=\"10,3,0\"><b data-path-to-node=\"10,3,0\" data-index-in-node=\"0\">Pourboires :<\/b> Pourboires pour les guides et le personnel du camp.<\/p>\n<\/li>\n<\/ul>","protected":false},"excerpt":{"rendered":"<p>Morning &amp; Sunrise Mini Desert Safari: 3-Hour Quad Bike Adventure Experience the raw beauty of the Egyptian Sahara with our Morning Mini Safari in Hurghada. Perfect for those who want a high-adrenaline desert experience without committing to a full-day tour, this 3-hour adventure combines the thrill of quad biking with a peaceful cultural encounter. Whether [&hellip;]<\/p>\n","protected":false},"featured_media":8490,"comment_status":"open","ping_status":"closed","template":"","meta":{"_joinchat":[]},"product_brand":[],"product_cat":[32],"product_tag":[],"class_list":{"0":"post-8487","1":"product","2":"type-product","3":"status-publish","4":"has-post-thumbnail","6":"product_cat-desert","8":"first","9":"instock","10":"shipping-taxable","11":"purchasable","12":"product-type-ovabrw_car_rental"},"_links":{"self":[{"href":"https:\/\/morningtravelegypt.com\/fr\/wp-json\/wp\/v2\/product\/8487","targetHints":{"allow":["GET"]}}],"collection":[{"href":"https:\/\/morningtravelegypt.com\/fr\/wp-json\/wp\/v2\/product"}],"about":[{"href":"https:\/\/morningtravelegypt.com\/fr\/wp-json\/wp\/v2\/types\/product"}],"replies":[{"embeddable":true,"href":"https:\/\/morningtravelegypt.com\/fr\/wp-json\/wp\/v2\/comments?post=8487"}],"wp:featuredmedia":[{"embeddable":true,"href":"https:\/\/morningtravelegypt.com\/fr\/wp-json\/wp\/v2\/media\/8490"}],"wp:attachment":[{"href":"https:\/\/morningtravelegypt.com\/fr\/wp-json\/wp\/v2\/media?parent=8487"}],"wp:term":[{"taxonomy":"product_brand","embeddable":true,"href":"https:\/\/morningtravelegypt.com\/fr\/wp-json\/wp\/v2\/product_brand?post=8487"},{"taxonomy":"product_cat","embeddable":true,"href":"https:\/\/morningtravelegypt.com\/fr\/wp-json\/wp\/v2\/product_cat?post=8487"},{"taxonomy":"product_tag","embeddable":true,"href":"https:\/\/morningtravelegypt.com\/fr\/wp-json\/wp\/v2\/product_tag?post=8487"}],"curies":[{"name":"wp","href":"https:\/\/api.w.org\/{rel}","templated":true}]}}