{"id":8510,"date":"2023-09-26T03:50:52","date_gmt":"2023-09-26T03:50:52","guid":{"rendered":"https:\/\/morningtravelegypt.com\/new\/?post_type=product&#038;p=8510"},"modified":"2026-05-10T10:13:05","modified_gmt":"2026-05-10T10:13:05","slug":"riding-horses","status":"publish","type":"product","link":"https:\/\/morningtravelegypt.com\/fr\/product\/riding-horses\/","title":{"rendered":"\u00c9quitation"},"content":{"rendered":"<h2 data-path-to-node=\"0\"><b data-path-to-node=\"0\" data-index-in-node=\"0\">Balade \u00e0 cheval \u00e0 Hurghada : une aventure au coucher du soleil entre plage et d\u00e9sert<\/b><\/h2>\n<p id=\"p-rc_72e43af7abf38407-256\" data-path-to-node=\"1\">D\u00e9couvrez la beaut\u00e9 intemporelle de la <b data-path-to-node=\"1\" data-index-in-node=\"38\">c\u00f4te de la mer Rouge<\/b> sous un angle unique. <span class=\"citation-414\">Notre <\/span><b data-path-to-node=\"1\" data-index-in-node=\"83\"><span class=\"citation-414\">circuit \u00e9questre \u00e0 Hurghada<\/span><\/b><span class=\"citation-414\"> vous offre une escapade \u00e0 la fois paisible et exaltante loin de l'agitation de la ville, vous permettant de tisser des liens avec de majestueux <\/span><b data-path-to-node=\"1\" data-index-in-node=\"209\"><span class=\"citation-414\">chevaux arabes<\/span><\/b><span class=\"citation-414 citation-end-414\"> tout en explorant des paysages vari\u00e9s.<\/span> <span class=\"citation-413 citation-end-413\">Que vous soyez novice ou cavalier exp\u00e9riment\u00e9, cette excursion guid\u00e9e \u00e0 travers les sables dor\u00e9s et les rivages turquoise est con\u00e7ue pour vous offrir des souvenirs inoubliables et des occasions de prendre des photos spectaculaires.<\/span><\/p>\n<hr data-path-to-node=\"2\" \/>\n<h3 data-path-to-node=\"3\"><b data-path-to-node=\"3\" data-index-in-node=\"0\">Les points forts de l'exp\u00e9rience<\/b><\/h3>\n<ul data-path-to-node=\"4\">\n<li>\n<p id=\"p-rc_72e43af7abf38407-257\" data-path-to-node=\"4,0,0\"><b data-path-to-node=\"4,0,0\" data-index-in-node=\"0\"><span class=\"citation-412\">La magie de la mer Rouge :<\/span><\/b><span class=\"citation-412\"> Parcourez la <\/span><b data-path-to-node=\"4,0,0\" data-index-in-node=\"50\"><span class=\"citation-412\">plage immacul\u00e9e de la mer Rouge,<\/span><\/b><span class=\"citation-412 citation-end-412\">l\u00e0 o\u00f9 le d\u00e9sert rencontre les eaux cristallines.<\/span> <span class=\"citation-411 citation-end-411\">Profitez de la brise marine rafra\u00eechissante et du bruit rythm\u00e9 des vagues tout en longeant le littoral.<\/span><\/p>\n<\/li>\n<li>\n<p id=\"p-rc_72e43af7abf38407-258\" data-path-to-node=\"4,1,0\"><b data-path-to-node=\"4,1,0\" data-index-in-node=\"0\">Sentiers du d\u00e9sert et de montagne :<\/b> Aventurez-vous au c\u0153ur du vaste <b data-path-to-node=\"4,1,0\" data-index-in-node=\"53\">d\u00e9sert d'Hurghada,<\/b>en traversant des dunes de sable ondulantes et les contreforts escarp\u00e9s des montagnes. <span class=\"citation-410 citation-end-410\">D\u00e9couvrez la beaut\u00e9 sauvage et naturelle des paysages \u00e9gyptiens.<\/span><\/p>\n<\/li>\n<li>\n<p id=\"p-rc_72e43af7abf38407-259\" data-path-to-node=\"4,2,0\"><b data-path-to-node=\"4,2,0\" data-index-in-node=\"0\">Balade au coucher du soleil (\u00ab l'heure dor\u00e9e \u00bb) :<\/b> Notre d\u00e9part \u00e0 15 h 30 est parfaitement programm\u00e9 pour admirer le <b data-path-to-node=\"4,2,0\" data-index-in-node=\"82\">coucher de soleil sur la mer Rouge.<\/b>. <span class=\"citation-409 citation-end-409\">Admirez le ciel se parer de teintes \u00e9clatantes d'orange et de rose, cr\u00e9ant une toile de fond magique pour votre balade.<\/span><\/p>\n<\/li>\n<li>\n<p id=\"p-rc_72e43af7abf38407-260\" data-path-to-node=\"4,3,0\"><b data-path-to-node=\"4,3,0\" data-index-in-node=\"0\"><span class=\"citation-408\">Des chevaux arabes bien dress\u00e9s :<\/span><\/b><span class=\"citation-408 citation-end-408\"> Venez faire la connaissance de nos chevaux, des animaux sympathiques et bien soign\u00e9s, r\u00e9put\u00e9s pour leur caract\u00e8re doux.<\/span> <span class=\"citation-407 citation-end-407\">Notre \u00e9quipe de professionnels vous aidera \u00e0 trouver un cheval parfaitement adapt\u00e9 \u00e0 votre taille et \u00e0 votre niveau d'exp\u00e9rience.<\/span><\/p>\n<\/li>\n<li>\n<p id=\"p-rc_72e43af7abf38407-261\" data-path-to-node=\"4,4,0\"><b data-path-to-node=\"4,4,0\" data-index-in-node=\"0\">Une exp\u00e9rience adapt\u00e9e aux d\u00e9butants :<\/b> Aucune exp\u00e9rience pr\u00e9alable n'est requise. <span class=\"citation-406 citation-end-406\">Nos guides exp\u00e9riment\u00e9s vous donneront des consignes de s\u00e9curit\u00e9 et resteront \u00e0 vos c\u00f4t\u00e9s tout au long de la balade afin de garantir une exp\u00e9rience s\u00fbre et agr\u00e9able, tant pour les adultes que pour les enfants.<\/span><\/p>\n<\/li>\n<\/ul>\n<h3 data-path-to-node=\"5\"><b data-path-to-node=\"5\" data-index-in-node=\"0\">Itin\u00e9raire et logistique<\/b><\/h3>\n<ul data-path-to-node=\"6\">\n<li>\n<p data-path-to-node=\"6,0,0\"><b data-path-to-node=\"6,0,0\" data-index-in-node=\"0\">Dur\u00e9e :<\/b> Sortie guid\u00e9e \u00e0 cheval de 2 heures (de 15 h 30 \u00e0 17 h 30 environ).<\/p>\n<\/li>\n<li>\n<p id=\"p-rc_72e43af7abf38407-262\" data-path-to-node=\"6,1,0\"><b data-path-to-node=\"6,1,0\" data-index-in-node=\"0\"><span class=\"citation-405\">Lieu :<\/span><\/b><span class=\"citation-405 citation-end-405\"> Des sentiers panoramiques traversant \u00e0 la fois l'int\u00e9rieur d\u00e9sertique et la zone c\u00f4ti\u00e8re.<\/span><\/p>\n<\/li>\n<li>\n<p id=\"p-rc_72e43af7abf38407-263\" data-path-to-node=\"6,2,0\"><b data-path-to-node=\"6,2,0\" data-index-in-node=\"0\"><span class=\"citation-404\">Taille du groupe :<\/span><\/b><span class=\"citation-404 citation-end-404\"> Nous proposons des exp\u00e9riences en petits groupes pour une aventure plus personnelle et intime.<\/span><\/p>\n<\/li>\n<li>\n<p id=\"p-rc_72e43af7abf38407-264\" data-path-to-node=\"6,3,0\"><b data-path-to-node=\"6,3,0\" data-index-in-node=\"0\"><span class=\"citation-403\">Photographie :<\/span><\/b><span class=\"citation-403 citation-end-403\"> Plusieurs arr\u00eats sont pr\u00e9vus aux points de vue les plus pittoresques, vous permettant de capturer des moments \u00ab dignes d'Instagram \u00bb avec votre cheval.<\/span><\/p>\n<\/li>\n<\/ul>\n<h3 data-path-to-node=\"7\"><b data-path-to-node=\"7\" data-index-in-node=\"0\">Inclus dans le voyage<\/b><\/h3>\n<ul data-path-to-node=\"8\">\n<li>\n<p id=\"p-rc_72e43af7abf38407-265\" data-path-to-node=\"8,0,0\"><b data-path-to-node=\"8,0,0\" data-index-in-node=\"0\"><span class=\"citation-402\">Transferts depuis l'h\u00f4tel:<\/span><\/b><span class=\"citation-402 citation-end-402\"> Transferts aller-retour en v\u00e9hicule climatis\u00e9 depuis votre h\u00f4tel \u00e0 Hurghada jusqu'aux \u00e9curies.<\/span><\/p>\n<\/li>\n<li>\n<p id=\"p-rc_72e43af7abf38407-266\" data-path-to-node=\"8,1,0\"><b data-path-to-node=\"8,1,0\" data-index-in-node=\"0\">Mat\u00e9riel :<\/b><span class=\"citation-401 citation-end-401\"> Mise \u00e0 disposition d'\u00e9quipements d'\u00e9quitation professionnels et de casques de s\u00e9curit\u00e9.<\/span><\/p>\n<\/li>\n<li>\n<p id=\"p-rc_72e43af7abf38407-267\" data-path-to-node=\"8,2,0\"><b data-path-to-node=\"8,2,0\" data-index-in-node=\"0\"><span class=\"citation-400\">Guide professionnel :<\/span><\/b><span class=\"citation-400 citation-end-400\"> Un moniteur d\u00e9di\u00e9 pour vous guider sur les sentiers et vous aider avec votre cheval.<\/span><\/p>\n<\/li>\n<li>\n<p data-path-to-node=\"8,3,0\"><b data-path-to-node=\"8,3,0\" data-index-in-node=\"0\">Cours d'initiation :<\/b> Une br\u00e8ve initiation destin\u00e9e aux d\u00e9butants pour vous aider \u00e0 vous sentir \u00e0 l'aise en selle.<\/p>\n<\/li>\n<\/ul>\n<h3 data-path-to-node=\"9\"><b data-path-to-node=\"9\" data-index-in-node=\"0\">Non inclus<\/b><\/h3>\n<ul data-path-to-node=\"10\">\n<li>\n<p id=\"p-rc_72e43af7abf38407-268\" data-path-to-node=\"10,0,0\"><span class=\"citation-399 citation-end-399\">D\u00e9penses personnelles et pourboires.<\/span><\/p>\n<\/li>\n<li>\n<p data-path-to-node=\"10,1,0\">Forfaits photo ou vid\u00e9o professionnels.<\/p>\n<\/li>\n<li>\n<p id=\"p-rc_72e43af7abf38407-269\" data-path-to-node=\"10,2,0\"><span class=\"citation-398 citation-end-398\">Suppl\u00e9ments de transport pour les zones \u00e9loign\u00e9es (El Gouna, Makadi Bay ou Sahl Hasheesh).<\/span><\/p>\n<\/li>\n<li>\n<p data-path-to-node=\"10,3,0\">Boissons et repas.<\/p>\n<\/li>\n<\/ul>","protected":false},"excerpt":{"rendered":"<p>Horseback Riding in Hurghada: Beach &amp; Desert Sunset Adventure Experience the timeless beauty of the Red Sea coast from a unique perspective. Our Hurghada horse riding tour offers a peaceful yet exhilarating escape from the city bustle, allowing you to bond with majestic Arabian horses while exploring diverse landscapes. Whether you are a first-time rider [&hellip;]<\/p>\n","protected":false},"featured_media":9804,"comment_status":"open","ping_status":"closed","template":"","meta":{"_joinchat":[]},"product_brand":[],"product_cat":[56],"product_tag":[],"class_list":{"0":"post-8510","1":"product","2":"type-product","3":"status-publish","4":"has-post-thumbnail","6":"product_cat-horse-riding","8":"first","9":"instock","10":"shipping-taxable","11":"purchasable","12":"product-type-ovabrw_car_rental"},"_links":{"self":[{"href":"https:\/\/morningtravelegypt.com\/fr\/wp-json\/wp\/v2\/product\/8510","targetHints":{"allow":["GET"]}}],"collection":[{"href":"https:\/\/morningtravelegypt.com\/fr\/wp-json\/wp\/v2\/product"}],"about":[{"href":"https:\/\/morningtravelegypt.com\/fr\/wp-json\/wp\/v2\/types\/product"}],"replies":[{"embeddable":true,"href":"https:\/\/morningtravelegypt.com\/fr\/wp-json\/wp\/v2\/comments?post=8510"}],"wp:featuredmedia":[{"embeddable":true,"href":"https:\/\/morningtravelegypt.com\/fr\/wp-json\/wp\/v2\/media\/9804"}],"wp:attachment":[{"href":"https:\/\/morningtravelegypt.com\/fr\/wp-json\/wp\/v2\/media?parent=8510"}],"wp:term":[{"taxonomy":"product_brand","embeddable":true,"href":"https:\/\/morningtravelegypt.com\/fr\/wp-json\/wp\/v2\/product_brand?post=8510"},{"taxonomy":"product_cat","embeddable":true,"href":"https:\/\/morningtravelegypt.com\/fr\/wp-json\/wp\/v2\/product_cat?post=8510"},{"taxonomy":"product_tag","embeddable":true,"href":"https:\/\/morningtravelegypt.com\/fr\/wp-json\/wp\/v2\/product_tag?post=8510"}],"curies":[{"name":"wp","href":"https:\/\/api.w.org\/{rel}","templated":true}]}}