{"id":8543,"date":"2023-09-26T04:25:13","date_gmt":"2023-09-26T04:25:13","guid":{"rendered":"https:\/\/morningtravelegypt.com\/new\/?post_type=product&#038;p=8543"},"modified":"2026-05-04T18:51:59","modified_gmt":"2026-05-04T18:51:59","slug":"paradise-island","status":"publish","type":"product","link":"https:\/\/morningtravelegypt.com\/fr\/product\/paradise-island\/","title":{"rendered":"L'\u00eele paradisiaque"},"content":{"rendered":"<h2 data-path-to-node=\"0\"><b data-path-to-node=\"0\" data-index-in-node=\"0\">Paradise Island Hurghada : l'escapade ultime en mer Rouge<\/b><\/h2>\n<p id=\"p-rc_28362999971248a9-135\" data-path-to-node=\"1\">D\u00e9couvrez un petit coin des Cara\u00efbes au c\u0153ur de la <b data-path-to-node=\"1\" data-index-in-node=\"54\">Mer Rouge<\/b>. <b data-path-to-node=\"1\" data-index-in-node=\"63\"><span class=\"citation-229\">Paradise Island,<\/span><\/b><span class=\"citation-229\">une partie privil\u00e9gi\u00e9e du <\/span><b data-path-to-node=\"1\" data-index-in-node=\"102\"><span class=\"citation-229\">Parc national de l'\u00eele de Giftun.<\/span><\/b><span class=\"citation-229 citation-end-229\">est une destination incontournable pour ceux qui recherchent des lagons turquoise, du sable blanc et fin, ainsi que des sites de plong\u00e9e avec tuba de classe mondiale. Cette excursion d'une journ\u00e9e compl\u00e8te<\/span> <span class=\"citation-228\">Cette journ\u00e9e compl\u00e8te <\/span><b data-path-to-node=\"1\" data-index-in-node=\"259\"><span class=\"citation-228\">excursion en bateau au d\u00e9part d'Hurghada<\/span><\/b><span class=\"citation-228 citation-end-228\"> offre l'\u00e9quilibre parfait entre sports nautiques dynamiques et d\u00e9tente tropicale.<\/span><\/p>\n<hr data-path-to-node=\"2\" \/>\n<h3 data-path-to-node=\"3\"><b data-path-to-node=\"3\" data-index-in-node=\"0\">Les temps forts du voyage<\/b><\/h3>\n<ul data-path-to-node=\"4\">\n<li>\n<p id=\"p-rc_28362999971248a9-136\" data-path-to-node=\"4,0,0\"><b data-path-to-node=\"4,0,0\" data-index-in-node=\"0\"><span class=\"citation-227\">D\u00e9tente sur la plage de Paradise Island :<\/span><\/b><span class=\"citation-227\"> Profitez de <\/span><b data-path-to-node=\"4,0,0\" data-index-in-node=\"40\"><span class=\"citation-227\">2 heures de pur bonheur<\/span><\/b><span class=\"citation-227 citation-end-227\"> sur les c\u00e9l\u00e8bres plages de sable blanc de l'\u00eele.<\/span> <span class=\"citation-226 citation-end-226\">D\u00e9tendez-vous \u00e0 l'ombre des parasols traditionnels ou piquez une t\u00eate dans les eaux peu profondes et cristallines du rivage.<\/span><\/p>\n<\/li>\n<li>\n<p id=\"p-rc_28362999971248a9-137\" data-path-to-node=\"4,1,0\"><b data-path-to-node=\"4,1,0\" data-index-in-node=\"0\">Aventure de plong\u00e9e avec tuba :<\/b><span class=\"citation-225\"> Plongez dans la beaut\u00e9 sous-marine de la mer Rouge avec <\/span><b data-path-to-node=\"4,1,0\" data-index-in-node=\"84\"><span class=\"citation-225\">deux arr\u00eats de plong\u00e9e guid\u00e9s.<\/span><\/b><span class=\"citation-225 citation-end-225\">.<\/span> <span class=\"citation-224 citation-end-224\">Explorez des r\u00e9cifs coralliens vibrants grouillant de poissons color\u00e9s et d\u2019une faune marine exotique.<\/span><\/p>\n<\/li>\n<li>\n<p id=\"p-rc_28362999971248a9-138\" data-path-to-node=\"4,2,0\"><b data-path-to-node=\"4,2,0\" data-index-in-node=\"0\"><span class=\"citation-223\">Les joies des sports nautiques :<\/span><\/b><span class=\"citation-223\"> Ajoutez une bonne dose d'adr\u00e9naline \u00e0 votre journ\u00e9e avec une balade \u00e0 couper le souffle <\/span><b data-path-to-node=\"4,2,0\" data-index-in-node=\"75\"><span class=\"citation-223\">Banana Island,<\/span><\/b><span class=\"citation-223\"> et <\/span><b data-path-to-node=\"4,2,0\" data-index-in-node=\"91\"><span class=\"citation-223\">en Quatro (bateau canap\u00e9)<\/span><\/b><span class=\"citation-223 citation-end-223\"> , id\u00e9ales pour s'amuser en groupe et partager des moments de rire.<\/span><\/p>\n<\/li>\n<li>\n<p id=\"p-rc_28362999971248a9-139\" data-path-to-node=\"4,3,0\"><b data-path-to-node=\"4,3,0\" data-index-in-node=\"0\"><span class=\"citation-222\">R\u00e9serve marine de l'\u00eele de Giftun :<\/span><\/b><span class=\"citation-222 citation-end-222\"> D\u00e9couvrez la beaut\u00e9 naturelle d'un parc national prot\u00e9g\u00e9, r\u00e9put\u00e9 pour sa biodiversit\u00e9 et son ambiance digne des \u00ab Maldives \u00e9gyptiennes \u00bb.<\/span><\/p>\n<\/li>\n<\/ul>\n<h3 data-path-to-node=\"5\"><b data-path-to-node=\"5\" data-index-in-node=\"0\">Itin\u00e9raire et logistique<\/b><\/h3>\n<ul data-path-to-node=\"6\">\n<li>\n<p data-path-to-node=\"6,0,0\"><b data-path-to-node=\"6,0,0\" data-index-in-node=\"0\">Dur\u00e9e :<\/b> Excursion d'une journ\u00e9e (de 8 h \u00e0 16 h 30 environ).<\/p>\n<\/li>\n<li>\n<p id=\"p-rc_28362999971248a9-140\" data-path-to-node=\"6,1,0\"><b data-path-to-node=\"6,1,0\" data-index-in-node=\"0\"><span class=\"citation-221\">Transferts depuis l'h\u00f4tel:<\/span><\/b><span class=\"citation-221\"> Comprend un transfert pratique <\/span><b data-path-to-node=\"6,1,0\" data-index-in-node=\"37\"><span class=\"citation-221\">transferts aller-retour<\/span><\/b><span class=\"citation-221 citation-end-221\"> depuis votre h\u00f4tel \u00e0 Hurghada dans un v\u00e9hicule confortable et climatis\u00e9.<\/span><\/p>\n<\/li>\n<li>\n<p id=\"p-rc_28362999971248a9-141\" data-path-to-node=\"6,2,0\"><b data-path-to-node=\"6,2,0\" data-index-in-node=\"0\">Le voyage :<\/b><span class=\"citation-220 citation-end-220\"> Embarquez \u00e0 bord d'un bateau touristique spacieux \u00e0 plusieurs niveaux, dot\u00e9 d'un pont sup\u00e9rieur pour bronzer et d'espaces ombrag\u00e9s confortables.<\/span><\/p>\n<\/li>\n<\/ul>\n<h3 data-path-to-node=\"7\"><b data-path-to-node=\"7\" data-index-in-node=\"0\">Inclus dans le voyage<\/b><\/h3>\n<ul data-path-to-node=\"8\">\n<li>\n<p id=\"p-rc_28362999971248a9-142\" data-path-to-node=\"8,0,0\"><b data-path-to-node=\"8,0,0\" data-index-in-node=\"0\">Restauration :<\/b><span class=\"citation-219\"> Un d\u00e9licieux <\/span><b data-path-to-node=\"8,0,0\" data-index-in-node=\"20\"><span class=\"citation-219\">d\u00e9jeuner sous forme de buffet<\/span><\/b><span class=\"citation-219 citation-end-219\"> servis \u00e0 bord ou au restaurant de l'\u00eele, proposant une grande vari\u00e9t\u00e9 de plats locaux et internationaux.<\/span><\/p>\n<\/li>\n<li>\n<p id=\"p-rc_28362999971248a9-143\" data-path-to-node=\"8,1,0\"><b data-path-to-node=\"8,1,0\" data-index-in-node=\"0\"><span class=\"citation-218\">Boissons :<\/span><\/b><span class=\"citation-218 citation-end-218\"> De l'eau min\u00e9rale et des boissons non alcoolis\u00e9es \u00e0 disposition toute la journ\u00e9e pour vous permettre de vous hydrater.<\/span><\/p>\n<\/li>\n<li>\n<p id=\"p-rc_28362999971248a9-144\" data-path-to-node=\"8,2,0\"><b data-path-to-node=\"8,2,0\" data-index-in-node=\"0\">Mat\u00e9riel :<\/b><span class=\"citation-217\"> De haute qualit\u00e9 <\/span><b data-path-to-node=\"8,2,0\" data-index-in-node=\"24\"><span class=\"citation-217\">\u00e9quipement de plong\u00e9e avec tuba<\/span><\/b><span class=\"citation-217 citation-end-217\"> (masques, palmes et gilets de sauvetage) ainsi que des consignes de s\u00e9curit\u00e9 dispens\u00e9es par des professionnels.<\/span><\/p>\n<\/li>\n<li>\n<p id=\"p-rc_28362999971248a9-145\" data-path-to-node=\"8,3,0\"><b data-path-to-node=\"8,3,0\" data-index-in-node=\"0\">Loisirs :<\/b><span class=\"citation-216 citation-end-216\"> Activit\u00e9s aquatiques divertissantes, notamment le bateau banane et le Quatro.<\/span><\/p>\n<\/li>\n<\/ul>\n<h3 data-path-to-node=\"9\"><b data-path-to-node=\"9\" data-index-in-node=\"0\">Non inclus<\/b><\/h3>\n<ul data-path-to-node=\"10\">\n<li>\n<p id=\"p-rc_28362999971248a9-146\" data-path-to-node=\"10,0,0\"><span class=\"citation-215 citation-end-215\">Frais d'entr\u00e9e dans les parcs nationaux (frais obligatoires pour la r\u00e9serve marine).<\/span><\/p>\n<\/li>\n<li>\n<p data-path-to-node=\"10,1,0\">Photos et vid\u00e9os r\u00e9alis\u00e9es par le photographe professionnel \u00e0 bord.<\/p>\n<\/li>\n<li>\n<p data-path-to-node=\"10,2,0\">D\u00e9penses personnelles et pourboires.<\/p>\n<\/li>\n<li>\n<p id=\"p-rc_28362999971248a9-147\" data-path-to-node=\"10,3,0\"><span class=\"citation-214 citation-end-214\">Suppl\u00e9ments de transfert pour les stations baln\u00e9aires \u00e9loign\u00e9es (El Gouna, Makadi Bay, Soma Bay ou Safaga).<\/span><\/p>\n<\/li>\n<\/ul>","protected":false},"excerpt":{"rendered":"<p>Paradise Island Hurghada: The Ultimate Red Sea Getaway Discover a slice of the Caribbean in the heart of the Red Sea. Paradise Island, a premier part of the Giftun Island National Park, is a must-visit destination for those seeking turquoise lagoons, powdery white sands, and world-class snorkeling. This full-day Hurghada boat trip offers the perfect [&hellip;]<\/p>\n","protected":false},"featured_media":8681,"comment_status":"open","ping_status":"closed","template":"","meta":{"_joinchat":[]},"product_brand":[],"product_cat":[57],"product_tag":[],"class_list":{"0":"post-8543","1":"product","2":"type-product","3":"status-publish","4":"has-post-thumbnail","6":"product_cat-island","8":"first","9":"instock","10":"shipping-taxable","11":"purchasable","12":"product-type-ovabrw_car_rental"},"_links":{"self":[{"href":"https:\/\/morningtravelegypt.com\/fr\/wp-json\/wp\/v2\/product\/8543","targetHints":{"allow":["GET"]}}],"collection":[{"href":"https:\/\/morningtravelegypt.com\/fr\/wp-json\/wp\/v2\/product"}],"about":[{"href":"https:\/\/morningtravelegypt.com\/fr\/wp-json\/wp\/v2\/types\/product"}],"replies":[{"embeddable":true,"href":"https:\/\/morningtravelegypt.com\/fr\/wp-json\/wp\/v2\/comments?post=8543"}],"wp:featuredmedia":[{"embeddable":true,"href":"https:\/\/morningtravelegypt.com\/fr\/wp-json\/wp\/v2\/media\/8681"}],"wp:attachment":[{"href":"https:\/\/morningtravelegypt.com\/fr\/wp-json\/wp\/v2\/media?parent=8543"}],"wp:term":[{"taxonomy":"product_brand","embeddable":true,"href":"https:\/\/morningtravelegypt.com\/fr\/wp-json\/wp\/v2\/product_brand?post=8543"},{"taxonomy":"product_cat","embeddable":true,"href":"https:\/\/morningtravelegypt.com\/fr\/wp-json\/wp\/v2\/product_cat?post=8543"},{"taxonomy":"product_tag","embeddable":true,"href":"https:\/\/morningtravelegypt.com\/fr\/wp-json\/wp\/v2\/product_tag?post=8543"}],"curies":[{"name":"wp","href":"https:\/\/api.w.org\/{rel}","templated":true}]}}