{"id":8558,"date":"2023-09-26T04:15:03","date_gmt":"2023-09-26T04:15:03","guid":{"rendered":"https:\/\/morningtravelegypt.com\/new\/?post_type=product&#038;p=8558"},"modified":"2026-05-04T19:03:35","modified_gmt":"2026-05-04T19:03:35","slug":"orange-bay-and-diving","status":"publish","type":"product","link":"https:\/\/morningtravelegypt.com\/fr\/product\/orange-bay-and-diving\/","title":{"rendered":"La baie d'Orange et la plong\u00e9e"},"content":{"rendered":"<div id=\"tw-target-text-container\" class=\"tw-ta-container F0azHf tw-nfl\" tabindex=\"0\">\n<div id=\"tw-target-text-container\" class=\"tw-ta-container F0azHf tw-nfl\" tabindex=\"0\">\n<h2 data-path-to-node=\"0\"><b data-path-to-node=\"0\" data-index-in-node=\"0\">Orange Bay et exp\u00e9rience de plong\u00e9e \u00e0 Hurghada : une aventure en mer Rouge<\/b><\/h2>\n<p data-path-to-node=\"1\">Alliez le luxe de <b data-path-to-node=\"1\" data-index-in-node=\"22\">Orange Bay<\/b> \u00e0 l'excitation de l'exploration sous-marine lors de ce <b data-path-to-node=\"1\" data-index-in-node=\"91\">voyage de plong\u00e9e et de snorkeling \u00e0 Hurghada.<\/b>Situ\u00e9e au sein du <b data-path-to-node=\"1\" data-index-in-node=\"157\">Parc national de l'\u00eele de Giftun.<\/b>Orange Bay est mondialement connue pour ses lagons turquoise peu profonds et ses balan\u00e7oires en bois, ce qui en fait le cadre id\u00e9al pour l'aventure et la d\u00e9tente. Que vous soyez un d\u00e9butant souhaitant s'essayer \u00e0 la <b data-path-to-node=\"1\" data-index-in-node=\"374\">plong\u00e9e sous-marine<\/b> pour la premi\u00e8re fois ou un amateur de plage d\u00e9sireux de profiter du soleil, cette excursion vous offre le meilleur de la <b data-path-to-node=\"1\" data-index-in-node=\"489\">Mer Rouge<\/b>.<\/p>\n<hr data-path-to-node=\"2\" \/>\n<h3 data-path-to-node=\"3\"><b data-path-to-node=\"3\" data-index-in-node=\"0\">Les points forts de l'exp\u00e9rience<\/b><\/h3>\n<ul data-path-to-node=\"4\">\n<li>\n<p data-path-to-node=\"4,0,0\"><b data-path-to-node=\"4,0,0\" data-index-in-node=\"0\">Initiation \u00e0 la plong\u00e9e sous-marine :<\/b> D\u00e9couvrez la magie du monde sous-marin lors d\u2019une <b data-path-to-node=\"4,0,0\" data-index-in-node=\"77\">session de plong\u00e9e de 15 minutes.<\/b>Accompagn\u00e9 par des moniteurs professionnels, vous explorerez des r\u00e9cifs aux couleurs \u00e9clatantes tels que <b data-path-to-node=\"4,0,0\" data-index-in-node=\"175\">Abu Talha<\/b> ou le c\u00e9l\u00e8bre <b data-path-to-node=\"4,0,0\" data-index-in-node=\"199\">Seven Pillars,<\/b>qui abritent une faune marine exotique, notamment des formations coralliennes color\u00e9es et des bancs de poissons tropicaux.<\/p>\n<\/li>\n<li>\n<p data-path-to-node=\"4,1,0\"><b data-path-to-node=\"4,1,0\" data-index-in-node=\"0\">Plong\u00e9e libre guid\u00e9e :<\/b> Profitez d'une <b data-path-to-node=\"4,1,0\" data-index-in-node=\"27\">escale de 45 minutes pour faire de la plong\u00e9e avec tuba<\/b> dans l'un des plus beaux jardins de corail de la mer Rouge. Nos guides exp\u00e9riment\u00e9s vous aideront \u00e0 observer une grande vari\u00e9t\u00e9 d'esp\u00e8ces marines dans des eaux cristallines.<\/p>\n<\/li>\n<li>\n<p data-path-to-node=\"4,2,0\"><b data-path-to-node=\"4,2,0\" data-index-in-node=\"0\">D\u00e9tente sur l'\u00eele d'Orange Bay :<\/b> Profitez de <b data-path-to-node=\"4,2,0\" data-index-in-node=\"36\">2 heures de temps libre<\/b> sur le sable blanc immacul\u00e9 d' <b data-path-to-node=\"4,2,0\" data-index-in-node=\"88\">Orange Bay<\/b>Profitez des balan\u00e7oires aquatiques embl\u00e9matiques, d\u00e9tendez-vous sur la plage ou explorez les luxueuses passerelles en bois de l\u2019\u00eele.<\/p>\n<\/li>\n<li>\n<p data-path-to-node=\"4,3,0\"><b data-path-to-node=\"4,3,0\" data-index-in-node=\"0\">Sports nautiques et activit\u00e9s :<\/b> Ajoutez un peu de piment \u00e0 votre apr\u00e8s-midi avec des <b data-path-to-node=\"4,3,0\" data-index-in-node=\"74\">activit\u00e9s nautiques<\/b> dont un tour sur la <b data-path-to-node=\"4,3,0\" data-index-in-node=\"115\">Banana Island,<\/b> ou <b data-path-to-node=\"4,3,0\" data-index-in-node=\"130\">Canap\u00e9-bateau<\/b>.<\/p>\n<\/li>\n<\/ul>\n<h3 data-path-to-node=\"5\"><b data-path-to-node=\"5\" data-index-in-node=\"0\">Itin\u00e9raire et logistique<\/b><\/h3>\n<ul data-path-to-node=\"6\">\n<li>\n<p data-path-to-node=\"6,0,0\"><b data-path-to-node=\"6,0,0\" data-index-in-node=\"0\">Dur\u00e9e :<\/b> Excursion en mer d'une journ\u00e9e compl\u00e8te (de 8 h \u00e0 16 h 30 environ).<\/p>\n<\/li>\n<li>\n<p data-path-to-node=\"6,1,0\"><b data-path-to-node=\"6,1,0\" data-index-in-node=\"0\">Transferts depuis l'h\u00f4tel:<\/b> Comprend un transfert sans souci <b data-path-to-node=\"6,1,0\" data-index-in-node=\"38\">transferts aller-retour<\/b> depuis votre h\u00f4tel \u00e0 Hurghada dans un v\u00e9hicule confortable et climatis\u00e9.<\/p>\n<\/li>\n<li>\n<p data-path-to-node=\"6,2,0\"><b data-path-to-node=\"6,2,0\" data-index-in-node=\"0\">Exp\u00e9rience \u00e0 bord :<\/b> Naviguez sur un yacht moderne \u00e0 deux ponts, dot\u00e9 d\u2019un pont sup\u00e9rieur spacieux pour bronzer et d\u2019un salon ombrag\u00e9 pour d\u00eener.<\/p>\n<\/li>\n<\/ul>\n<h3 data-path-to-node=\"7\"><b data-path-to-node=\"7\" data-index-in-node=\"0\">Inclus dans le voyage<\/b><\/h3>\n<ul data-path-to-node=\"8\">\n<li>\n<p data-path-to-node=\"8,0,0\"><b data-path-to-node=\"8,0,0\" data-index-in-node=\"0\">Cours de plong\u00e9e professionnels :<\/b> Tout l'\u00e9quipement de plong\u00e9e et un briefing individuel dispens\u00e9 par un ma\u00eetre de plong\u00e9e certifi\u00e9.<\/p>\n<\/li>\n<li>\n<p data-path-to-node=\"8,1,0\"><b data-path-to-node=\"8,1,0\" data-index-in-node=\"0\">\u00c9quipement de plong\u00e9e avec tuba :<\/b> Des masques, des palmes et des gilets de sauvetage de grande qualit\u00e9 sont fournis.<\/p>\n<\/li>\n<li>\n<p data-path-to-node=\"8,2,0\"><b data-path-to-node=\"8,2,0\" data-index-in-node=\"0\">Restauration :<\/b> Un plat fra\u00eechement pr\u00e9par\u00e9 <b data-path-to-node=\"8,2,0\" data-index-in-node=\"27\">d\u00e9jeuner sous forme de buffet<\/b> servi \u00e0 bord du bateau.<\/p>\n<\/li>\n<li>\n<p data-path-to-node=\"8,3,0\"><b data-path-to-node=\"8,3,0\" data-index-in-node=\"0\">Boissons :<\/b> De l'eau min\u00e9rale, des boissons non alcoolis\u00e9es, du caf\u00e9 et du th\u00e9 sont disponibles toute la journ\u00e9e.<\/p>\n<\/li>\n<li>\n<p data-path-to-node=\"8,4,0\"><b data-path-to-node=\"8,4,0\" data-index-in-node=\"0\">Acc\u00e8s \u00e0 la plage :<\/b> Frais d'entr\u00e9e pour l' <b data-path-to-node=\"8,4,0\" data-index-in-node=\"35\">Orange Bay<\/b> \u00eele.<\/p>\n<\/li>\n<\/ul>\n<h3 data-path-to-node=\"9\"><b data-path-to-node=\"9\" data-index-in-node=\"0\">Non inclus<\/b><\/h3>\n<ul data-path-to-node=\"10\">\n<li>\n<p data-path-to-node=\"10,0,0\">Frais d'acc\u00e8s \u00e0 la r\u00e9serve marine du parc national (\u00e0 r\u00e9gler sur place).<\/p>\n<\/li>\n<li>\n<p data-path-to-node=\"10,1,0\">Forfaits photo et vid\u00e9o professionnels de votre plong\u00e9e.<\/p>\n<\/li>\n<li>\n<p data-path-to-node=\"10,2,0\">D\u00e9penses personnelles et pourboires.<\/p>\n<\/li>\n<li>\n<p data-path-to-node=\"10,3,0\">Suppl\u00e9ments de transfert pour les zones \u00e9loign\u00e9es telles que Makadi Bay, El Gouna ou Safaga.<\/p>\n<\/li>\n<\/ul>\n<\/div>\n<\/div>\n<p><!--more--><!--more--><\/p>\n<p><!--more--><\/p>\n<div class=\"iYB33c\">\n<div class=\"dlJLJe\">\n<div data-cviv=\"false\" data-ved=\"2ahUKEwi_hL2tkbuBAxUMRaQEHVw3A9wQz_AEegQIBhAO\">\n<div class=\"U9URNb\"><\/div>\n<\/div>\n<\/div>\n<\/div>","protected":false},"excerpt":{"rendered":"<p>child until 5 years older free<\/p>\n<p>&nbsp;<\/p>","protected":false},"featured_media":8571,"comment_status":"open","ping_status":"closed","template":"","meta":{"_joinchat":[]},"product_brand":[],"product_cat":[57],"product_tag":[],"class_list":{"0":"post-8558","1":"product","2":"type-product","3":"status-publish","4":"has-post-thumbnail","6":"product_cat-island","8":"first","9":"instock","10":"shipping-taxable","11":"purchasable","12":"product-type-ovabrw_car_rental"},"_links":{"self":[{"href":"https:\/\/morningtravelegypt.com\/fr\/wp-json\/wp\/v2\/product\/8558","targetHints":{"allow":["GET"]}}],"collection":[{"href":"https:\/\/morningtravelegypt.com\/fr\/wp-json\/wp\/v2\/product"}],"about":[{"href":"https:\/\/morningtravelegypt.com\/fr\/wp-json\/wp\/v2\/types\/product"}],"replies":[{"embeddable":true,"href":"https:\/\/morningtravelegypt.com\/fr\/wp-json\/wp\/v2\/comments?post=8558"}],"wp:featuredmedia":[{"embeddable":true,"href":"https:\/\/morningtravelegypt.com\/fr\/wp-json\/wp\/v2\/media\/8571"}],"wp:attachment":[{"href":"https:\/\/morningtravelegypt.com\/fr\/wp-json\/wp\/v2\/media?parent=8558"}],"wp:term":[{"taxonomy":"product_brand","embeddable":true,"href":"https:\/\/morningtravelegypt.com\/fr\/wp-json\/wp\/v2\/product_brand?post=8558"},{"taxonomy":"product_cat","embeddable":true,"href":"https:\/\/morningtravelegypt.com\/fr\/wp-json\/wp\/v2\/product_cat?post=8558"},{"taxonomy":"product_tag","embeddable":true,"href":"https:\/\/morningtravelegypt.com\/fr\/wp-json\/wp\/v2\/product_tag?post=8558"}],"curies":[{"name":"wp","href":"https:\/\/api.w.org\/{rel}","templated":true}]}}