{"id":8578,"date":"2023-09-26T04:20:41","date_gmt":"2023-09-26T04:20:41","guid":{"rendered":"https:\/\/morningtravelegypt.com\/new\/?post_type=product&#038;p=8578"},"modified":"2026-05-07T18:46:54","modified_gmt":"2026-05-07T18:46:54","slug":"orange-bay","status":"publish","type":"product","link":"https:\/\/morningtravelegypt.com\/fr\/product\/orange-bay\/","title":{"rendered":"\u00cele d'Orange Bay"},"content":{"rendered":"<h2 data-path-to-node=\"0\"><b data-path-to-node=\"0\" data-index-in-node=\"0\">Escapade \u00e0 l'\u00eele d'Orange Bay : plong\u00e9e avec tuba de luxe et aventure en mer Rouge<\/b><\/h2>\n<p data-path-to-node=\"1\">D\u00e9couvrez les \u00ab Maldives \u00e9gyptiennes \u00bb lors d\u2019une excursion d\u2019une journ\u00e9e inoubliable \u00e0 <b data-path-to-node=\"1\" data-index-in-node=\"67\">Orange Bay<\/b>l\u2019un des sites les plus prestigieux et pittoresques de la\n  \n\n\n\n\n\n\n offre une ambiance de plage luxueuse alli\u00e9e \u00e0 la beaut\u00e9 sauvage de la <b data-path-to-node=\"1\" data-index-in-node=\"140\">Parc national de l'\u00eele de Giftun.<\/b>.R\u00e9put\u00e9 pour ses passerelles en bois embl\u00e9matiques et ses lagons turquoise peu profonds, <b data-path-to-node=\"1\" data-index-in-node=\"237\">Orange Bay Hurghada<\/b> offre une ambiance de plage luxueuse alli\u00e9e \u00e0 la beaut\u00e9 sauvage de la <b data-path-to-node=\"1\" data-index-in-node=\"329\">Mer Rouge<\/b>Cette excursion est id\u00e9ale pour les familles, les couples et les amateurs de photographie \u00e0 la recherche d\u2019une escapade tropicale inoubliable.<\/p>\n<hr data-path-to-node=\"2\" \/>\n<h3 data-path-to-node=\"3\"><b data-path-to-node=\"3\" data-index-in-node=\"0\">Les temps forts du voyage<\/b><\/h3>\n<ul data-path-to-node=\"4\">\n<li>\n<p data-path-to-node=\"4,0,0\"><b data-path-to-node=\"4,0,0\" data-index-in-node=\"0\">Orange Bay Beach Experience:<\/b> D\u00e9tendez-vous sur le magnifique sable blanc et profitez des eaux peu profondes et cristallines. L'\u00eele dispose d'espaces confortables pour s'asseoir, de balan\u00e7oires dans l'eau et offre une vue panoramique sur la mer Rouge.<\/p>\n<\/li>\n<li>\n<p data-path-to-node=\"4,1,0\"><b data-path-to-node=\"4,1,0\" data-index-in-node=\"0\">Plong\u00e9e avec tuba haute en couleur :<\/b> Plongez dans les r\u00e9cifs coralliens de renomm\u00e9e mondiale avec <b data-path-to-node=\"4,1,0\" data-index-in-node=\"66\">deux heures compl\u00e8tes de plong\u00e9e avec tuba.<\/b>Accompagn\u00e9s par des professionnels, vous explorerez des jardins sous-marins regorgeant de poissons tropicaux color\u00e9s et d'une faune marine vari\u00e9e.<\/p>\n<\/li>\n<li>\n<p data-path-to-node=\"4,2,0\"><b data-path-to-node=\"4,2,0\" data-index-in-node=\"0\">Banana Boat et activit\u00e9s nautiques :<\/b> Vivez les sensations fortes de la mer Rouge avec des <b data-path-to-node=\"4,2,0\" data-index-in-node=\"83\">sports nautiques<\/b>,dont une session pleine de fun sur le <b data-path-to-node=\"4,2,0\" data-index-in-node=\"135\">Banana Island,<\/b> et d'autres activit\u00e9s nautiques adapt\u00e9es \u00e0 tous les \u00e2ges.<\/p>\n<\/li>\n<li>\n<p data-path-to-node=\"4,3,0\"><b data-path-to-node=\"4,3,0\" data-index-in-node=\"0\">Visite de Banana Island :<\/b> Profitez de <b data-path-to-node=\"4,3,0\" data-index-in-node=\"27\">1 heure et 30 minutes<\/b> de d\u00e9tente et de d\u00e9couverte suppl\u00e9mentaires sur la charmante <b data-path-to-node=\"4,3,0\" data-index-in-node=\"106\">Banana Island,<\/b>pour ajouter une touche unique \u00e0 votre journ\u00e9e en mer.<\/p>\n<\/li>\n<\/ul>\n<h3 data-path-to-node=\"5\"><b data-path-to-node=\"5\" data-index-in-node=\"0\">Itin\u00e9raire et logistique<\/b><\/h3>\n<ul data-path-to-node=\"6\">\n<li>\n<p data-path-to-node=\"6,0,0\"><b data-path-to-node=\"6,0,0\" data-index-in-node=\"0\">Dur\u00e9e :<\/b> Excursion en mer d'une journ\u00e9e compl\u00e8te (de 8 h \u00e0 16 h 30).<\/p>\n<\/li>\n<li>\n<p data-path-to-node=\"6,1,0\"><b data-path-to-node=\"6,1,0\" data-index-in-node=\"0\">Transferts :<\/b> Comprend des <b data-path-to-node=\"6,1,0\" data-index-in-node=\"49\">transferts aller-retour depuis l'h\u00f4tel<\/b> au d\u00e9part d'Hurghada.<\/p>\n<\/li>\n<li>\n<p data-path-to-node=\"6,2,0\"><b data-path-to-node=\"6,2,0\" data-index-in-node=\"0\">Confort \u00e0 bord :<\/b> Voyagez \u00e0 bord d'un yacht moderne et enti\u00e8rement \u00e9quip\u00e9, dot\u00e9 d'un pont sup\u00e9rieur spacieux, d'espaces de d\u00e9tente ombrag\u00e9s et de toilettes propres.<\/p>\n<\/li>\n<\/ul>\n<h3 data-path-to-node=\"7\"><b data-path-to-node=\"7\" data-index-in-node=\"0\">Inclus dans le voyage<\/b><\/h3>\n<ul data-path-to-node=\"8\">\n<li>\n<p data-path-to-node=\"8,0,0\"><b data-path-to-node=\"8,0,0\" data-index-in-node=\"0\">Restauration :<\/b> Un plat fra\u00eechement pr\u00e9par\u00e9 <b data-path-to-node=\"8,0,0\" data-index-in-node=\"27\">d\u00e9jeuner sous forme de buffet<\/b> Servi \u00e0 bord, avec un choix vari\u00e9 de plats internationaux et de la cuisine \u00e9gyptienne locale.<\/p>\n<\/li>\n<li>\n<p data-path-to-node=\"8,1,0\"><b data-path-to-node=\"8,1,0\" data-index-in-node=\"0\">Boissons :<\/b> Boissons non alcoolis\u00e9es, eau min\u00e9rale, caf\u00e9 et th\u00e9 \u00e0 volont\u00e9 toute la journ\u00e9e.<\/p>\n<\/li>\n<li>\n<p data-path-to-node=\"8,2,0\"><b data-path-to-node=\"8,2,0\" data-index-in-node=\"0\">\u00c9quipement de plong\u00e9e avec tuba :<\/b> Masques, palmes et gilets de sauvetage de qualit\u00e9 professionnelle fournis sans frais suppl\u00e9mentaires.<\/p>\n<\/li>\n<li>\n<p data-path-to-node=\"8,3,0\"><b data-path-to-node=\"8,3,0\" data-index-in-node=\"0\">Guides professionnels :<\/b> Des moniteurs de plong\u00e9e avec tuba exp\u00e9riment\u00e9s pour assurer votre s\u00e9curit\u00e9 et vous aider \u00e0 trouver les meilleurs sites sous-marins.<\/p>\n<\/li>\n<\/ul>\n<h3 data-path-to-node=\"9\"><b data-path-to-node=\"9\" data-index-in-node=\"0\">Non inclus<\/b><\/h3>\n<ul data-path-to-node=\"10\">\n<li>\n<p data-path-to-node=\"10,0,0\">Frais d'entr\u00e9e au parc national de l'\u00eele de Giftun (\u00e0 r\u00e9gler sur place).<\/p>\n<\/li>\n<li>\n<p data-path-to-node=\"10,1,0\">Services professionnels de photographie ou de vid\u00e9ographie.<\/p>\n<\/li>\n<li>\n<p data-path-to-node=\"10,2,0\">D\u00e9penses personnelles et pourboires.<\/p>\n<\/li>\n<li>\n<p data-path-to-node=\"10,3,0\">Suppl\u00e9ments de transfert pour les complexes h\u00f4teliers situ\u00e9s en p\u00e9riph\u00e9rie (El Gouna, Makadi Bay ou Sahl Hasheesh)<\/p>\n<\/li>\n<\/ul>","protected":false},"excerpt":{"rendered":"<p>Orange Bay Island Trip: Luxury Snorkeling &amp; Red Sea Adventure Discover the &#8220;Egyptian Maldives&#8221; with an unforgettable day trip to Orange Bay, one of the most prestigious and picturesque locations in the Giftun Island National Park. Known for its iconic wooden walkways and shallow turquoise lagoons, Orange Bay Hurghada offers a luxurious beach atmosphere combined [&hellip;]<\/p>\n","protected":false},"featured_media":8574,"comment_status":"open","ping_status":"closed","template":"","meta":{"_joinchat":[]},"product_brand":[],"product_cat":[57],"product_tag":[],"class_list":{"0":"post-8578","1":"product","2":"type-product","3":"status-publish","4":"has-post-thumbnail","6":"product_cat-island","8":"first","9":"instock","10":"sale","11":"shipping-taxable","12":"purchasable","13":"product-type-ovabrw_car_rental"},"_links":{"self":[{"href":"https:\/\/morningtravelegypt.com\/fr\/wp-json\/wp\/v2\/product\/8578","targetHints":{"allow":["GET"]}}],"collection":[{"href":"https:\/\/morningtravelegypt.com\/fr\/wp-json\/wp\/v2\/product"}],"about":[{"href":"https:\/\/morningtravelegypt.com\/fr\/wp-json\/wp\/v2\/types\/product"}],"replies":[{"embeddable":true,"href":"https:\/\/morningtravelegypt.com\/fr\/wp-json\/wp\/v2\/comments?post=8578"}],"wp:featuredmedia":[{"embeddable":true,"href":"https:\/\/morningtravelegypt.com\/fr\/wp-json\/wp\/v2\/media\/8574"}],"wp:attachment":[{"href":"https:\/\/morningtravelegypt.com\/fr\/wp-json\/wp\/v2\/media?parent=8578"}],"wp:term":[{"taxonomy":"product_brand","embeddable":true,"href":"https:\/\/morningtravelegypt.com\/fr\/wp-json\/wp\/v2\/product_brand?post=8578"},{"taxonomy":"product_cat","embeddable":true,"href":"https:\/\/morningtravelegypt.com\/fr\/wp-json\/wp\/v2\/product_cat?post=8578"},{"taxonomy":"product_tag","embeddable":true,"href":"https:\/\/morningtravelegypt.com\/fr\/wp-json\/wp\/v2\/product_tag?post=8578"}],"curies":[{"name":"wp","href":"https:\/\/api.w.org\/{rel}","templated":true}]}}