{"id":9288,"date":"2025-04-23T09:37:40","date_gmt":"2025-04-23T09:37:40","guid":{"rendered":"https:\/\/morningtravelegypt.com\/?post_type=product&#038;p=9288"},"modified":"2026-05-07T18:53:50","modified_gmt":"2026-05-07T18:53:50","slug":"hula-hula","status":"publish","type":"product","link":"https:\/\/morningtravelegypt.com\/fr\/produit\/hula-hula\/","title":{"rendered":"Hula Hula l\u00eele"},"content":{"rendered":"<h2 data-path-to-node=\"0\"><b data-path-to-node=\"0\" data-index-in-node=\"0\">Escapade sur l'\u00eele de Hula Hula : plong\u00e9e libre en mer Rouge et d\u00e9tente \u00e0 la plage<\/b><\/h2>\n<p id=\"p-rc_e627eeda889371a5-96\" data-path-to-node=\"1\"><span class=\"citation-181\">\u00c9vadez-vous \u00e0 <\/span><b data-path-to-node=\"1\" data-index-in-node=\"10\"><span class=\"citation-181\">L'\u00eele de Hula Hula<\/span><\/b><span class=\"citation-181\">, l'un des joyaux tropicaux les plus r\u00e9cents et les plus magnifiques au large des c\u00f4tes de <\/span><b data-path-to-node=\"1\" data-index-in-node=\"96\"><span class=\"citation-181\">Hurghada, \u00c9gypte<\/span><\/b><span class=\"citation-181 citation-end-181\">.<\/span> <span class=\"citation-180\">Cette journ\u00e9e compl\u00e8te <\/span><b data-path-to-node=\"1\" data-index-in-node=\"127\"><span class=\"citation-180\">Excursion en bateau sur la mer Rouge<\/span><\/b><span class=\"citation-180 citation-end-180\"> est le m\u00e9lange id\u00e9al entre des sports nautiques pleins d'\u00e9nergie et la d\u00e9tente sur une plage paisible.<\/span> <span class=\"citation-179 citation-end-179\">Avec son sable blanc et fin et ses r\u00e9cifs coralliens aux couleurs chatoyantes, c'est une destination incontournable pour les familles, les couples et les amateurs de plong\u00e9e avec tuba.<\/span><\/p>\n<div class=\"source-inline-chip-container ng-star-inserted\"><\/div>\n<p>&nbsp;<\/p>\n<hr data-path-to-node=\"2\" \/>\n<h3 data-path-to-node=\"3\"><b data-path-to-node=\"3\" data-index-in-node=\"0\">Les temps forts du voyage<\/b><\/h3>\n<ul data-path-to-node=\"4\">\n<li>\n<p id=\"p-rc_e627eeda889371a5-97\" data-path-to-node=\"4,0,0\"><b data-path-to-node=\"4,0,0\" data-index-in-node=\"0\"><span class=\"citation-178\">D\u00e9tente \u00e0 Hula Hula Beach :<\/span><\/b><span class=\"citation-178\"> Passez deux heures sur les rives immacul\u00e9es de <\/span><b data-path-to-node=\"4,0,0\" data-index-in-node=\"68\"><span class=\"citation-178\">L'\u00eele de Hula Hula<\/span><\/b><span class=\"citation-178 citation-end-178\">.<\/span> <span class=\"citation-177 citation-end-177\">Profitez de chaises longues confortables, d'une ambiance tropicale et de nombreux coins parfaits pour prendre des photos \u00ab dignes d'Instagram \u00bb.<\/span><\/p>\n<\/li>\n<li>\n<p id=\"p-rc_e627eeda889371a5-98\" data-path-to-node=\"4,1,0\"><b data-path-to-node=\"4,1,0\" data-index-in-node=\"0\">Plong\u00e9e libre guid\u00e9e :<\/b><span class=\"citation-176\"> D\u00e9couvrez le c\u00e9l\u00e8bre <\/span><b data-path-to-node=\"4,1,0\" data-index-in-node=\"44\"><span class=\"citation-176\">La faune marine de la mer Rouge<\/span><\/b><span class=\"citation-176 citation-end-176\"> avec deux arr\u00eats pr\u00e9vus pour faire de la plong\u00e9e libre sur les sites de r\u00e9cifs coralliens les plus color\u00e9s des environs.<\/span><\/p>\n<\/li>\n<li>\n<p id=\"p-rc_e627eeda889371a5-99\" data-path-to-node=\"4,2,0\"><b data-path-to-node=\"4,2,0\" data-index-in-node=\"0\"><span class=\"citation-175\">Sensations fortes et divertissement :<\/span><\/b><span class=\"citation-175\"> Participez \u00e0 des activit\u00e9s passionnantes <\/span><b data-path-to-node=\"4,2,0\" data-index-in-node=\"36\"><span class=\"citation-175\">sports nautiques<\/span><\/b><span class=\"citation-175\">, notamment <\/span><b data-path-to-node=\"4,2,0\" data-index-in-node=\"60\"><span class=\"citation-175\">Banana Island,<\/span><\/b><span class=\"citation-175\"> et <\/span><b data-path-to-node=\"4,2,0\" data-index-in-node=\"76\"><span class=\"citation-175\">Canap\u00e9-bateau<\/span><\/b><span class=\"citation-175 citation-end-175\"> des man\u00e8ges qui font le bonheur de petits et grands.<\/span><\/p>\n<\/li>\n<li>\n<p id=\"p-rc_e627eeda889371a5-100\" data-path-to-node=\"4,3,0\"><b data-path-to-node=\"4,3,0\" data-index-in-node=\"0\"><span class=\"citation-174\">Ambiance \u00eele tropicale :<\/span><\/b><span class=\"citation-174 citation-end-174\"> Profitez d'eaux turquoise d'une clart\u00e9 cristalline, id\u00e9ales pour la baignade, et d'un cadre paisible, loin de l'agitation de la ville.<\/span><\/p>\n<\/li>\n<\/ul>\n<h3 data-path-to-node=\"5\"><b data-path-to-node=\"5\" data-index-in-node=\"0\">Itin\u00e9raire et logistique<\/b><\/h3>\n<ul data-path-to-node=\"6\">\n<li>\n<p data-path-to-node=\"6,0,0\"><b data-path-to-node=\"6,0,0\" data-index-in-node=\"0\">Dur\u00e9e :<\/b> 8 h 00 \u2013 16 h 30 (environ 8 h 30)<\/p>\n<\/li>\n<li>\n<p id=\"p-rc_e627eeda889371a5-101\" data-path-to-node=\"6,1,0\"><b data-path-to-node=\"6,1,0\" data-index-in-node=\"0\"><span class=\"citation-173\">Transferts depuis l'h\u00f4tel:<\/span><\/b><span class=\"citation-173\"> Comprend un service sans souci, dans un lieu climatis\u00e9 <\/span><b data-path-to-node=\"6,1,0\" data-index-in-node=\"55\"><span class=\"citation-173\">transferts aller-retour<\/span><\/b><span class=\"citation-173 citation-end-173\"> depuis votre h\u00f4tel \u00e0 Hurghada.<\/span><\/p>\n<\/li>\n<li>\n<p id=\"p-rc_e627eeda889371a5-102\" data-path-to-node=\"6,2,0\"><b data-path-to-node=\"6,2,0\" data-index-in-node=\"0\">Exp\u00e9rience en bateau :<\/b><span class=\"citation-172 citation-end-172\"> Naviguez \u00e0 bord d'un yacht moderne et spacieux, dot\u00e9 d'un \u00e9quipage professionnel, d'un pont sup\u00e9rieur et d'\u00e9quipements de s\u00e9curit\u00e9.<\/span><\/p>\n<\/li>\n<\/ul>\n<h3 data-path-to-node=\"7\"><b data-path-to-node=\"7\" data-index-in-node=\"0\">Inclus dans le voyage<\/b><\/h3>\n<ul data-path-to-node=\"8\">\n<li>\n<p id=\"p-rc_e627eeda889371a5-103\" data-path-to-node=\"8,0,0\"><b data-path-to-node=\"8,0,0\" data-index-in-node=\"0\">Restauration :<\/b><span class=\"citation-171\"> Un plat fra\u00eechement pr\u00e9par\u00e9 <\/span><b data-path-to-node=\"8,0,0\" data-index-in-node=\"27\"><span class=\"citation-171\">d\u00e9jeuner sous forme de buffet<\/span><\/b><span class=\"citation-171 citation-end-171\"> servi \u00e0 bord ou sur l'\u00eele.<\/span><\/p>\n<\/li>\n<li>\n<p id=\"p-rc_e627eeda889371a5-104\" data-path-to-node=\"8,1,0\"><b data-path-to-node=\"8,1,0\" data-index-in-node=\"0\"><span class=\"citation-170\">Rafra\u00eechissements :<\/span><\/b><span class=\"citation-170 citation-end-170\"> De l'eau min\u00e9rale et des boissons non alcoolis\u00e9es sont disponibles toute la journ\u00e9e.<\/span><\/p>\n<\/li>\n<li>\n<p id=\"p-rc_e627eeda889371a5-105\" data-path-to-node=\"8,2,0\"><b data-path-to-node=\"8,2,0\" data-index-in-node=\"0\">Mat\u00e9riel :<\/b><span class=\"citation-169\"> De haute qualit\u00e9 <\/span><b data-path-to-node=\"8,2,0\" data-index-in-node=\"24\"><span class=\"citation-169\">\u00e9quipement de plong\u00e9e avec tuba<\/span><\/b><span class=\"citation-169 citation-end-169\"> (masques, palmes et gilets de sauvetage) fournis.<\/span><\/p>\n<\/li>\n<li>\n<p id=\"p-rc_e627eeda889371a5-106\" data-path-to-node=\"8,3,0\"><b data-path-to-node=\"8,3,0\" data-index-in-node=\"0\"><span class=\"citation-168\">Guides professionnels :<\/span><\/b><span class=\"citation-168 citation-end-168\"> Des moniteurs de plong\u00e9e en apn\u00e9e exp\u00e9riment\u00e9s pour vous guider \u00e0 travers les r\u00e9cifs sous-marins.<\/span><\/p>\n<\/li>\n<\/ul>\n<h3 data-path-to-node=\"9\"><b data-path-to-node=\"9\" data-index-in-node=\"0\">Non inclus<\/b><\/h3>\n<ul data-path-to-node=\"10\">\n<li>\n<p id=\"p-rc_e627eeda889371a5-107\" data-path-to-node=\"10,0,0\"><span class=\"citation-167 citation-end-167\">Frais d'entr\u00e9e dans les parcs nationaux (\u00e0 r\u00e9gler en esp\u00e8ces le jour m\u00eame).<\/span><\/p>\n<\/li>\n<li>\n<p id=\"p-rc_e627eeda889371a5-108\" data-path-to-node=\"10,1,0\"><span class=\"citation-166 citation-end-166\">D\u00e9penses personnelles (photos ou vid\u00e9os prises par le photographe \u00e0 bord).<\/span><\/p>\n<\/li>\n<li>\n<p data-path-to-node=\"10,2,0\">Suppl\u00e9ments de transfert pour les zones p\u00e9riph\u00e9riques (El Gouna, Makadi Bay ou Sahl Hasheesh).<\/p>\n<\/li>\n<\/ul>","protected":false},"excerpt":{"rendered":"<p>Hula Hula Island Trip: Red Sea Snorkeling &amp; Beach Relaxation Escape to Hula Hula Island, one of the newest and most beautiful tropical gems off the coast of Hurghada, Egypt. This full-day Red Sea boat trip is the perfect blend of high-energy water sports and serene beach relaxation. With its powdery white sand and vibrant [&hellip;]<\/p>\n","protected":false},"featured_media":9290,"comment_status":"open","ping_status":"closed","template":"","meta":{"_joinchat":[]},"product_brand":[],"product_cat":[57],"product_tag":[],"class_list":{"0":"post-9288","1":"product","2":"type-product","3":"status-publish","4":"has-post-thumbnail","6":"product_cat-island","8":"first","9":"instock","10":"sale","11":"featured","12":"shipping-taxable","13":"purchasable","14":"product-type-ovabrw_car_rental"},"_links":{"self":[{"href":"https:\/\/morningtravelegypt.com\/fr\/wp-json\/wp\/v2\/product\/9288","targetHints":{"allow":["GET"]}}],"collection":[{"href":"https:\/\/morningtravelegypt.com\/fr\/wp-json\/wp\/v2\/product"}],"about":[{"href":"https:\/\/morningtravelegypt.com\/fr\/wp-json\/wp\/v2\/types\/product"}],"replies":[{"embeddable":true,"href":"https:\/\/morningtravelegypt.com\/fr\/wp-json\/wp\/v2\/comments?post=9288"}],"wp:featuredmedia":[{"embeddable":true,"href":"https:\/\/morningtravelegypt.com\/fr\/wp-json\/wp\/v2\/media\/9290"}],"wp:attachment":[{"href":"https:\/\/morningtravelegypt.com\/fr\/wp-json\/wp\/v2\/media?parent=9288"}],"wp:term":[{"taxonomy":"product_brand","embeddable":true,"href":"https:\/\/morningtravelegypt.com\/fr\/wp-json\/wp\/v2\/product_brand?post=9288"},{"taxonomy":"product_cat","embeddable":true,"href":"https:\/\/morningtravelegypt.com\/fr\/wp-json\/wp\/v2\/product_cat?post=9288"},{"taxonomy":"product_tag","embeddable":true,"href":"https:\/\/morningtravelegypt.com\/fr\/wp-json\/wp\/v2\/product_tag?post=9288"}],"curies":[{"name":"wp","href":"https:\/\/api.w.org\/{rel}","templated":true}]}}