{"id":9671,"date":"2026-04-27T10:00:37","date_gmt":"2026-04-27T10:00:37","guid":{"rendered":"https:\/\/morningtravelegypt.com\/?post_type=product&#038;p=9671"},"modified":"2026-05-08T16:05:53","modified_gmt":"2026-05-08T16:05:53","slug":"the-grand-egyptian-museum-gem-giza-experience","status":"publish","type":"product","link":"https:\/\/morningtravelegypt.com\/fr\/product\/the-grand-egyptian-museum-gem-giza-experience\/","title":{"rendered":"Le Grand Mus\u00e9e \u00e9gyptien (GEM) et l'exp\u00e9rience de Gizeh"},"content":{"rendered":"<p class=\"ng-star-inserted\"><strong class=\"ng-star-inserted\"><span class=\"ng-star-inserted\">Les points forts du circuit<\/span><\/strong><\/p>\n<ul class=\"ng-star-inserted\">\n<li class=\"ng-star-inserted\">\n<p class=\"ng-star-inserted\"><strong class=\"ng-star-inserted\"><span class=\"ng-star-inserted\">Le Grand Mus\u00e9e \u00e9gyptien (GEM) :<\/span><\/strong><span class=\"ng-star-inserted\">\u00a0Soyez parmi les premiers \u00e0 d\u00e9couvrir le \u00ab Mus\u00e9e du si\u00e8cle \u00bb. Laissez-vous \u00e9merveiller par le\u00a0<\/span><strong class=\"ng-star-inserted\"><span class=\"ng-star-inserted\">Grand Escalier,<\/span><\/strong><span class=\"ng-star-inserted\">la statue colossale de Rams\u00e8s II et les galeries immersives \u00e0 la pointe de la technologie (Remarque : l'acc\u00e8s d\u00e9pend de la phase d'ouverture actuelle du GEM).<\/span><\/p>\n<\/li>\n<li class=\"ng-star-inserted\">\n<p class=\"ng-star-inserted\"><strong class=\"ng-star-inserted\"><span class=\"ng-star-inserted\">Panorama du plateau de Gizeh :<\/span><\/strong><span class=\"ng-star-inserted\">\u00a0Une session d\u00e9di\u00e9e aux \u00ab meilleurs points de vue \u00bb permettant d\u2019admirer les trois pyramides d\u2019un seul coup d\u2019\u0153il.<\/span><\/p>\n<\/li>\n<li class=\"ng-star-inserted\">\n<p class=\"ng-star-inserted\"><strong class=\"ng-star-inserted\"><span class=\"ng-star-inserted\">Le Temple de la Vall\u00e9e :<\/span><\/strong><span class=\"ng-star-inserted\">\u00a0Explorez le temple de momification du roi Khafr\u00e9.<\/span><\/p>\n<\/li>\n<\/ul>\n<p class=\"ng-star-inserted\"><strong class=\"ng-star-inserted\"><span class=\"ng-star-inserted\">Itin\u00e9raire et logistique<\/span><\/strong><\/p>\n<ul class=\"ng-star-inserted\">\n<li class=\"ng-star-inserted\">\n<p class=\"ng-star-inserted\"><strong class=\"ng-star-inserted\"><span class=\"ng-star-inserted\">Dur\u00e9e :<\/span><\/strong><span class=\"ng-star-inserted\">\u00a0Excursion d'une journ\u00e9e compl\u00e8te (de 2 h \u00e0 22 h environ).<\/span><\/p>\n<\/li>\n<li class=\"ng-star-inserted\">\n<p class=\"ng-star-inserted\"><strong class=\"ng-star-inserted\"><span class=\"ng-star-inserted\">Point fort :<\/span><\/strong><span class=\"ng-star-inserted\">\u00a0Ce circuit remplace la visite traditionnelle du mus\u00e9e de la place Tahrir par celle du nouveau site GEM, situ\u00e9 juste \u00e0 c\u00f4t\u00e9 des pyramides.<\/span><\/p>\n<\/li>\n<li class=\"ng-star-inserted\">\n<p class=\"ng-star-inserted\"><strong class=\"ng-star-inserted\"><span class=\"ng-star-inserted\">Transports :<\/span><\/strong><span class=\"ng-star-inserted\">\u00a0Flotte moderne \u00e9quip\u00e9e d'une connexion Wi-Fi haut d\u00e9bit \u00e0 bord (sur certains v\u00e9hicules).<\/span><\/p>\n<\/li>\n<\/ul>\n<p class=\"ng-star-inserted\"><strong class=\"ng-star-inserted\"><span class=\"ng-star-inserted\">Inclus dans le voyage<\/span><\/strong><\/p>\n<ul class=\"ng-star-inserted\">\n<li class=\"ng-star-inserted\">\n<p class=\"ng-star-inserted\"><span class=\"ng-star-inserted\">Transfert aller-retour depuis les h\u00f4tels d'Hurghada.<\/span><\/p>\n<\/li>\n<li class=\"ng-star-inserted\">\n<p class=\"ng-star-inserted\"><span class=\"ng-star-inserted\">Entr\u00e9e au GEM (zones \u00e0 acc\u00e8s restreint \/ Grand Escalier) et au plateau de Gizeh.<\/span><\/p>\n<\/li>\n<li class=\"ng-star-inserted\">\n<p class=\"ng-star-inserted\"><span class=\"ng-star-inserted\">D\u00e9jeuner \u00e9gyptien typique dans un restaurant avec vue sur les pyramides.<\/span><\/p>\n<\/li>\n<\/ul>\n<p class=\"ng-star-inserted\"><strong class=\"ng-star-inserted\"><span class=\"ng-star-inserted\">Non inclus<\/span><\/strong><\/p>\n<ul class=\"ng-star-inserted\">\n<li class=\"ng-star-inserted\">\n<p class=\"ng-star-inserted\"><span class=\"ng-star-inserted\">Visite \u00e0 l'int\u00e9rieur des pyramides (billet en suppl\u00e9ment).<\/span><\/p>\n<\/li>\n<li class=\"ng-star-inserted\">\n<p class=\"ng-star-inserted\"><span class=\"ng-star-inserted\">Spectacle immersif sur Toutankhamon (le cas \u00e9ch\u00e9ant).<\/span><\/p>\n<\/li>\n<li class=\"ng-star-inserted\">\n<p class=\"ng-star-inserted\"><span class=\"ng-star-inserted\">Boissons pendant le d\u00e9jeuner.<\/span><\/p>\n<\/li>\n<\/ul>\n<p>&nbsp;<\/p>","protected":false},"excerpt":{"rendered":"<p>A modern take on the Cairo trip, focusing on the architectural marvel of the world\u2019s largest archaeological museum.<\/p>","protected":false},"featured_media":9672,"comment_status":"open","ping_status":"closed","template":"","meta":{"_joinchat":[]},"product_brand":[],"product_cat":[44],"product_tag":[],"class_list":{"0":"post-9671","1":"product","2":"type-product","3":"status-publish","4":"has-post-thumbnail","6":"product_cat-temple","8":"first","9":"instock","10":"sale","11":"shipping-taxable","12":"purchasable","13":"product-type-ovabrw_car_rental"},"_links":{"self":[{"href":"https:\/\/morningtravelegypt.com\/fr\/wp-json\/wp\/v2\/product\/9671","targetHints":{"allow":["GET"]}}],"collection":[{"href":"https:\/\/morningtravelegypt.com\/fr\/wp-json\/wp\/v2\/product"}],"about":[{"href":"https:\/\/morningtravelegypt.com\/fr\/wp-json\/wp\/v2\/types\/product"}],"replies":[{"embeddable":true,"href":"https:\/\/morningtravelegypt.com\/fr\/wp-json\/wp\/v2\/comments?post=9671"}],"wp:featuredmedia":[{"embeddable":true,"href":"https:\/\/morningtravelegypt.com\/fr\/wp-json\/wp\/v2\/media\/9672"}],"wp:attachment":[{"href":"https:\/\/morningtravelegypt.com\/fr\/wp-json\/wp\/v2\/media?parent=9671"}],"wp:term":[{"taxonomy":"product_brand","embeddable":true,"href":"https:\/\/morningtravelegypt.com\/fr\/wp-json\/wp\/v2\/product_brand?post=9671"},{"taxonomy":"product_cat","embeddable":true,"href":"https:\/\/morningtravelegypt.com\/fr\/wp-json\/wp\/v2\/product_cat?post=9671"},{"taxonomy":"product_tag","embeddable":true,"href":"https:\/\/morningtravelegypt.com\/fr\/wp-json\/wp\/v2\/product_tag?post=9671"}],"curies":[{"name":"wp","href":"https:\/\/api.w.org\/{rel}","templated":true}]}}