{"id":9850,"date":"2026-05-11T18:37:04","date_gmt":"2026-05-11T18:37:04","guid":{"rendered":"https:\/\/morningtravelegypt.com\/?post_type=product&#038;p=9850"},"modified":"2026-05-12T19:56:49","modified_gmt":"2026-05-12T19:56:49","slug":"egypt-in-miniature-hurghadas-landmark-discovery-park","status":"publish","type":"product","link":"https:\/\/morningtravelegypt.com\/fr\/product\/egypt-in-miniature-hurghadas-landmark-discovery-park\/","title":{"rendered":"MINI Egypt Tour"},"content":{"rendered":"<p data-path-to-node=\"4\">D\u00e9couvrez en un seul apr\u00e8s-midi toute la grandeur architecturale d\u2019une nation. Cette exp\u00e9rience immersive en plein air transpose les merveilles l\u00e9gendaires de la vall\u00e9e du Nil sur les rives de la mer Rouge. Id\u00e9al pour ceux qui souhaitent se faire une id\u00e9e de l\u2019ampleur de l\u2019histoire de l\u2019\u00c9gypte sans avoir \u00e0 parcourir de longues distances, ce parc pr\u00e9sente plus de 60 r\u00e9pliques minutieusement r\u00e9alis\u00e9es des monuments les plus embl\u00e9matiques du pays.<\/p>\n<p data-path-to-node=\"5\">Votre voyage commence par un transfert priv\u00e9 en v\u00e9hicule climatis\u00e9 depuis votre h\u00e9bergement, \u00e0 l'heure qui vous convient le mieux. \u00c0 votre arriv\u00e9e, un guide exp\u00e9riment\u00e9 vous fera d\u00e9couvrir un parcours historique soigneusement con\u00e7u, o\u00f9 vous pourrez vous tenir aux c\u00f4t\u00e9s d'une r\u00e9plique r\u00e9duite de la Grande Pyramide de Gizeh, vous promener devant le temple de Louxor aux motifs complexes et vous \u00e9merveiller devant le majestueux site d'Abou Simbel. Le parc offre une perspective unique sur la g\u00e9ographie et l'histoire de l'\u00c9gypte, du charme m\u00e9diterran\u00e9en de la Biblioth\u00e8que d'Alexandrie \u00e0 la hauteur vertigineuse de la Tour du Caire.<\/p>\n<p data-path-to-node=\"6\">Cette visite est sp\u00e9cialement con\u00e7ue pour les familles et les passionn\u00e9s de photographie. Les enfants pourront d\u00e9couvrir les l\u00e9gendes et les mythes li\u00e9s aux pharaons dans un cadre agr\u00e9able et facile \u00e0 parcourir, tandis que les photographes pourront immortaliser des dizaines de sites embl\u00e9matiques sous des angles uniques, le tout dans un seul et m\u00eame cadre. Apr\u00e8s avoir admir\u00e9 le savoir-faire artisanal minutieux et \u00e9cout\u00e9 les anecdotes racont\u00e9es par votre guide, vous disposerez de temps libre pour fl\u00e2ner \u00e0 votre guise avant de regagner votre h\u00f4tel en toute tranquillit\u00e9.<\/p>\n<p data-path-to-node=\"7\"><b data-path-to-node=\"7\" data-index-in-node=\"0\">\u00c0 quoi s'attendre :<\/b><\/p>\n<ul data-path-to-node=\"8\">\n<li>\n<p data-path-to-node=\"8,0,0\"><b data-path-to-node=\"8,0,0\" data-index-in-node=\"0\">Tout le pays en une seule balade :<\/b> D\u00e9couvrez plus de 60 r\u00e9pliques d\u00e9taill\u00e9es de sites mondialement connus.<\/p>\n<\/li>\n<li>\n<p data-path-to-node=\"8,1,0\"><b data-path-to-node=\"8,1,0\" data-index-in-node=\"0\">Le storytelling par des experts :<\/b> D\u00e9couvrez l'histoire et les secrets des pyramides, du Sphinx et bien plus encore.<\/p>\n<\/li>\n<li>\n<p data-path-to-node=\"8,2,0\"><b data-path-to-node=\"8,2,0\" data-index-in-node=\"0\">Des occasions uniques de prendre des photos :<\/b> R\u00e9alisez des clich\u00e9s originaux devant les plus grands monuments d'\u00c9gypte dans un cadre unique.<\/p>\n<\/li>\n<li>\n<p data-path-to-node=\"8,3,0\"><b data-path-to-node=\"8,3,0\" data-index-in-node=\"0\">Horaires flexibles :<\/b> Choisissez une heure de d\u00e9part qui correspond \u00e0 votre rythme de vacances.<\/p>\n<\/li>\n<li>\n<p data-path-to-node=\"8,4,0\"><b data-path-to-node=\"8,4,0\" data-index-in-node=\"0\">Une exp\u00e9rience sans stress :<\/b> Comprend les transferts de porte \u00e0 porte et tous les droits d'entr\u00e9e, sans frais cach\u00e9s.<\/p>\n<\/li>\n<\/ul>","protected":false},"excerpt":{"rendered":"<div class=\"container\">\n<div id=\"model-response-message-contentr_4e946c57b9cb196c\" class=\"markdown markdown-main-panel stronger enable-updated-hr-color\" dir=\"ltr\" aria-live=\"polite\" aria-busy=\"false\">\n<p data-path-to-node=\"11\">Discover all of Egypt\u2019s famous landmarks in just three hours! This fun and educational tour features 60+ miniature replicas of the Pyramids, Sphinx, and Luxor Temple. With flexible pick-up times and a professional guide, it\u2019s the perfect family-friendly way to experience the highlights of Egyptian history right here in Hurghada.<\/p>\n<\/div>\n<\/div>","protected":false},"featured_media":9855,"comment_status":"open","ping_status":"closed","template":"","meta":{"_joinchat":[]},"product_brand":[],"product_cat":[44],"product_tag":[],"class_list":{"0":"post-9850","1":"product","2":"type-product","3":"status-publish","4":"has-post-thumbnail","6":"product_cat-temple","8":"first","9":"instock","10":"shipping-taxable","11":"purchasable","12":"product-type-ovabrw_car_rental"},"_links":{"self":[{"href":"https:\/\/morningtravelegypt.com\/fr\/wp-json\/wp\/v2\/product\/9850","targetHints":{"allow":["GET"]}}],"collection":[{"href":"https:\/\/morningtravelegypt.com\/fr\/wp-json\/wp\/v2\/product"}],"about":[{"href":"https:\/\/morningtravelegypt.com\/fr\/wp-json\/wp\/v2\/types\/product"}],"replies":[{"embeddable":true,"href":"https:\/\/morningtravelegypt.com\/fr\/wp-json\/wp\/v2\/comments?post=9850"}],"wp:featuredmedia":[{"embeddable":true,"href":"https:\/\/morningtravelegypt.com\/fr\/wp-json\/wp\/v2\/media\/9855"}],"wp:attachment":[{"href":"https:\/\/morningtravelegypt.com\/fr\/wp-json\/wp\/v2\/media?parent=9850"}],"wp:term":[{"taxonomy":"product_brand","embeddable":true,"href":"https:\/\/morningtravelegypt.com\/fr\/wp-json\/wp\/v2\/product_brand?post=9850"},{"taxonomy":"product_cat","embeddable":true,"href":"https:\/\/morningtravelegypt.com\/fr\/wp-json\/wp\/v2\/product_cat?post=9850"},{"taxonomy":"product_tag","embeddable":true,"href":"https:\/\/morningtravelegypt.com\/fr\/wp-json\/wp\/v2\/product_tag?post=9850"}],"curies":[{"name":"wp","href":"https:\/\/api.w.org\/{rel}","templated":true}]}}