{"id":9856,"date":"2026-05-11T18:47:51","date_gmt":"2026-05-11T18:47:51","guid":{"rendered":"https:\/\/morningtravelegypt.com\/?post_type=product&#038;p=9856"},"modified":"2026-05-11T18:47:51","modified_gmt":"2026-05-11T18:47:51","slug":"hurghada-city-highlights-a-private-local-discovery","status":"publish","type":"product","link":"https:\/\/morningtravelegypt.com\/fr\/product\/hurghada-city-highlights-a-private-local-discovery\/","title":{"rendered":"Hurghada City Highlights: A Private Local Discovery"},"content":{"rendered":"<p data-path-to-node=\"3\">Plongez au c\u0153ur de l'ambiance authentique d'Hurghada gr\u00e2ce \u00e0 une visite guid\u00e9e priv\u00e9e con\u00e7ue pour vous faire d\u00e9couvrir le v\u00e9ritable visage de la ville, au-del\u00e0 des murs des complexes h\u00f4teliers. Cette excursion offre un m\u00e9lange parfait entre patrimoine spirituel, vie quotidienne locale et l'atmosph\u00e8re anim\u00e9e de la c\u00f4te de la mer Rouge.<\/p>\n<p data-path-to-node=\"4\">Votre visite commence par la magnifique mosqu\u00e9e El Mina, un chef-d'\u0153uvre architectural en marbre blanc dont les minarets \u00e9lanc\u00e9s dominent l'horizon. De l\u00e0, vous visiterez la plus ancienne \u00e9glise copte de la ville, qui vous donnera un aper\u00e7u de la riche mosa\u00efque religieuse de la r\u00e9gion. La visite vous emm\u00e8ne ensuite au c\u0153ur de l'action : le march\u00e9 aux poissons traditionnel et le souk anim\u00e9 des fruits et l\u00e9gumes. Ici, vous pourrez observer le commerce anim\u00e9 des habitants et vivre une explosion sensorielle d'\u00e9pices exotiques et de prises fra\u00eeches de la mer Rouge.<\/p>\n<p data-path-to-node=\"5\">Nous d\u00e9couvrirons \u00e9galement le c\u00f4t\u00e9 moderne de la ville en visitant la nouvelle marina, o\u00f9 des yachts de luxe tanguent sur l'eau, avec en toile de fond des b\u00e2timents color\u00e9s et des promenades en bord de mer. Pour parachever cette exp\u00e9rience, nous avons pr\u00e9vu un arr\u00eat panoramique au point culminant de la ville, d'o\u00f9 vous pourrez admirer une vue imprenable sur le littoral et les \u00eeles environnantes. Tout au long de la visite, vous aurez l'occasion de d\u00e9nicher des souvenirs authentiques, des huiles de grande qualit\u00e9 aux textiles traditionnels, tandis que votre guide vous aidera \u00e0 vous rep\u00e9rer sur les march\u00e9s locaux comme un pro.<\/p>\n<p data-path-to-node=\"6\"><b data-path-to-node=\"6\" data-index-in-node=\"0\">Itinerary Highlights:<\/b><\/p>\n<ul data-path-to-node=\"7\">\n<li>\n<p data-path-to-node=\"7,0,0\"><b data-path-to-node=\"7,0,0\" data-index-in-node=\"0\">Religious Landmarks:<\/b> Visit the stunning El Mina Mosque and the historic Coptic Church.<\/p>\n<\/li>\n<li>\n<p data-path-to-node=\"7,1,0\"><b data-path-to-node=\"7,1,0\" data-index-in-node=\"0\">Local Markets:<\/b> Explore the authentic fish market and the vibrant fruit and spice souks.<\/p>\n<\/li>\n<li>\n<p data-path-to-node=\"7,2,0\"><b data-path-to-node=\"7,2,0\" data-index-in-node=\"0\">Panoramic Viewpoint:<\/b> Stop at a high vantage point for photos of the entire city and sea.<\/p>\n<\/li>\n<li>\n<p data-path-to-node=\"7,3,0\"><b data-path-to-node=\"7,3,0\" data-index-in-node=\"0\">Marine District:<\/b> A guided stroll through the stylish New Marina.<\/p>\n<\/li>\n<li>\n<p data-path-to-node=\"7,4,0\"><b data-path-to-node=\"7,4,0\" data-index-in-node=\"0\">Personalized Shopping:<\/b> Discover hidden gems for perfumes, spices, and local crafts.<\/p>\n<\/li>\n<li>\n<p data-path-to-node=\"7,5,0\"><b data-path-to-node=\"7,5,0\" data-index-in-node=\"0\">Comfortable Transport:<\/b> Private, air-conditioned vehicle with hotel pick-up and drop-off.<\/p>\n<\/li>\n<\/ul>\n<h3 data-path-to-node=\"8\"><\/h3>","protected":false},"excerpt":{"rendered":"<p data-path-to-node=\"9\">Step outside the resort and discover the heart of Hurghada! Visit the grand El Mina Mosque, explore the colorful local fish and spice markets, and enjoy panoramic views of the Red Sea. This private 3-hour city tour offers an authentic glimpse into Egyptian life, culture, and history.<\/p>","protected":false},"featured_media":9858,"comment_status":"open","ping_status":"closed","template":"","meta":{"_joinchat":[]},"product_brand":[],"product_cat":[54,44],"product_tag":[],"class_list":{"0":"post-9856","1":"product","2":"type-product","3":"status-publish","4":"has-post-thumbnail","6":"product_cat-relaxation","7":"product_cat-temple","9":"first","10":"instock","11":"shipping-taxable","12":"purchasable","13":"product-type-ovabrw_car_rental"},"_links":{"self":[{"href":"https:\/\/morningtravelegypt.com\/fr\/wp-json\/wp\/v2\/product\/9856","targetHints":{"allow":["GET"]}}],"collection":[{"href":"https:\/\/morningtravelegypt.com\/fr\/wp-json\/wp\/v2\/product"}],"about":[{"href":"https:\/\/morningtravelegypt.com\/fr\/wp-json\/wp\/v2\/types\/product"}],"replies":[{"embeddable":true,"href":"https:\/\/morningtravelegypt.com\/fr\/wp-json\/wp\/v2\/comments?post=9856"}],"wp:featuredmedia":[{"embeddable":true,"href":"https:\/\/morningtravelegypt.com\/fr\/wp-json\/wp\/v2\/media\/9858"}],"wp:attachment":[{"href":"https:\/\/morningtravelegypt.com\/fr\/wp-json\/wp\/v2\/media?parent=9856"}],"wp:term":[{"taxonomy":"product_brand","embeddable":true,"href":"https:\/\/morningtravelegypt.com\/fr\/wp-json\/wp\/v2\/product_brand?post=9856"},{"taxonomy":"product_cat","embeddable":true,"href":"https:\/\/morningtravelegypt.com\/fr\/wp-json\/wp\/v2\/product_cat?post=9856"},{"taxonomy":"product_tag","embeddable":true,"href":"https:\/\/morningtravelegypt.com\/fr\/wp-json\/wp\/v2\/product_tag?post=9856"}],"curies":[{"name":"wp","href":"https:\/\/api.w.org\/{rel}","templated":true}]}}